{"id":525,"date":"2025-09-18T12:54:09","date_gmt":"2025-09-18T10:54:09","guid":{"rendered":"https:\/\/oraarena.hu\/?post_type=product&#038;p=525"},"modified":"2025-09-18T12:55:38","modified_gmt":"2025-09-18T10:55:38","slug":"tissot-prx-t137-410-17-011-00","status":"publish","type":"product","link":"https:\/\/oraarena.hu\/index.php\/termek\/tissot-prx-t137-410-17-011-00\/","title":{"rendered":"Tissot PRX T137.410.17.011.00"},"content":{"rendered":"<p>Tok \u00e1tm\u00e9r\u0151je: 40,00 mm<\/p>\n<p>Vastags\u00e1g: 10,40 mm<\/p>\n<p>Sz\u00edj anyaga: textur\u00e1lt feh\u00e9r kaucsuk, amely k\u00e9nyelmes viseletet biztos\u00edt<\/p>\n<p>Tok anyaga: 316L rozsdamentes<\/p>\n<p>\u00dcveg: Zaf\u00edr krist\u00e1ly (sapphire crystal), karc\u00e1ll\u00f3<\/p>\n<p>V\u00edz\u00e1ll\u00f3s\u00e1g: 10 bar \/ 100 m (\u2248 330 l\u00e1b)<\/p>\n<p>Szerkezet: Swiss Quartz (ETA F06.115)<\/p>\n<p>S\u00faly: kb. 75 g<\/p>\n<p>Sz\u00e1mlap sz\u00edne: feh\u00e9r<\/p>\n<p>&nbsp;<\/p>\n<ul>\n<li>Indexek, mutat\u00f3k: f\u00e9msz\u00edn\u0171, tiszta vonalvezet\u00e9s\u0171 indexek, a mutat\u00f3k vil\u00e1g\u00edt\u00f3 (Super-LumiNova) megold\u00e1ssal, hogy s\u00f6t\u00e9tben is l\u00e1that\u00f3 legyen az id\u0151.<\/li>\n<li>\u00a0 Az ac\u00e9l tok + zaf\u00edr \u00fcveg miatt j\u00f3 strapab\u00edr\u00f3s\u00e1g, eleg\u00e1ns k\u00fcls\u0151vel.<\/li>\n<li>A 100 m v\u00edz\u00e1ll\u00f3s\u00e1g el\u00e9g a mindennapi haszn\u00e1lathoz, \u00fasz\u00e1shoz sem kell levenni<\/li>\n<li>A PRX sorozat designja st\u00edlusos, retr\u00f3s hangulatot id\u00e9z, de modern k\u00e9nyelmi funkci\u00f3kkal.<\/li>\n<li>Az EOL (battery end-of-life) jelz\u00e9s seg\u00edt id\u0151ben tudatos\u00edtani elemcser\u00e9t, hogy ne \u00e1lljon le v\u00e1ratlanul.<\/li>\n<\/ul>\n<p>&nbsp;<\/p>\n","protected":false},"excerpt":{"rendered":"<p style=\"margin: 0cm; margin-bottom: .0001pt;\">A <strong>Tissot PRX T137.410.17.011.00<\/strong> egy eleg\u00e1ns f\u00e9rfi kar\u00f3ra, amely a Tissot PRX sorozat\u00e1nak r\u00e9sze. A modell a 1970-es \u00e9vek st\u00edlus\u00e1t \u00f6tv\u00f6zi modern technol\u00f3gi\u00e1val<\/p>\n","protected":false},"featured_media":530,"template":"","meta":[],"product_brand":[32],"product_cat":[15,31,20],"product_tag":[],"class_list":{"0":"post-525","1":"product","2":"type-product","3":"status-publish","4":"has-post-thumbnail","6":"product_brand-tissot","7":"product_cat-egyeb","8":"product_cat-ferfi-orak","9":"product_cat-orak","11":"first","12":"instock","13":"sale","14":"shipping-taxable","15":"purchasable","16":"product-type-simple"},"yoast_head":"<!-- This site is optimized with the Yoast SEO plugin v26.0 - https:\/\/yoast.com\/wordpress\/plugins\/seo\/ -->\n<title>Tissot PRX T137.410.17.011.00 - \u00d3raAr\u00e9na.hu<\/title>\n<meta name=\"robots\" content=\"index, follow, max-snippet:-1, max-image-preview:large, max-video-preview:-1\" \/>\n<link rel=\"canonical\" href=\"https:\/\/oraarena.hu\/index.php\/termek\/tissot-prx-t137-410-17-011-00\/\" \/>\n<meta property=\"og:locale\" content=\"hu_HU\" \/>\n<meta property=\"og:type\" content=\"article\" \/>\n<meta property=\"og:title\" content=\"Tissot PRX T137.410.17.011.00 - \u00d3raAr\u00e9na.hu\" \/>\n<meta property=\"og:description\" content=\"A Tissot PRX T137.410.17.011.00 egy eleg\u00e1ns f\u00e9rfi kar\u00f3ra, amely a Tissot PRX sorozat\u00e1nak r\u00e9sze. A modell a 1970-es \u00e9vek st\u00edlus\u00e1t \u00f6tv\u00f6zi modern technol\u00f3gi\u00e1val\" \/>\n<meta property=\"og:url\" content=\"https:\/\/oraarena.hu\/index.php\/termek\/tissot-prx-t137-410-17-011-00\/\" \/>\n<meta property=\"og:site_name\" content=\"\u00d3raAr\u00e9na.hu\" \/>\n<meta property=\"article:modified_time\" content=\"2025-09-18T10:55:38+00:00\" \/>\n<meta property=\"og:image\" content=\"http:\/\/oraarena.hu\/wp-content\/uploads\/2025\/09\/23-51-498_01.jpg\" \/>\n\t<meta property=\"og:image:width\" content=\"560\" \/>\n\t<meta property=\"og:image:height\" content=\"560\" \/>\n\t<meta property=\"og:image:type\" content=\"image\/jpeg\" \/>\n<meta name=\"twitter:card\" content=\"summary_large_image\" \/>\n<meta name=\"twitter:label1\" content=\"Becs\u00fclt olvas\u00e1si id\u0151\" \/>\n\t<meta name=\"twitter:data1\" content=\"1 perc\" \/>\n<script type=\"application\/ld+json\" class=\"yoast-schema-graph\">{\"@context\":\"https:\/\/schema.org\",\"@graph\":[{\"@type\":\"WebPage\",\"@id\":\"https:\/\/oraarena.hu\/index.php\/termek\/tissot-prx-t137-410-17-011-00\/\",\"url\":\"https:\/\/oraarena.hu\/index.php\/termek\/tissot-prx-t137-410-17-011-00\/\",\"name\":\"Tissot PRX T137.410.17.011.00 - \u00d3raAr\u00e9na.hu\",\"isPartOf\":{\"@id\":\"https:\/\/oraarena.hu\/#website\"},\"primaryImageOfPage\":{\"@id\":\"https:\/\/oraarena.hu\/index.php\/termek\/tissot-prx-t137-410-17-011-00\/#primaryimage\"},\"image\":{\"@id\":\"https:\/\/oraarena.hu\/index.php\/termek\/tissot-prx-t137-410-17-011-00\/#primaryimage\"},\"thumbnailUrl\":\"https:\/\/oraarena.hu\/wp-content\/uploads\/2025\/09\/23-51-498_01.jpg\",\"datePublished\":\"2025-09-18T10:54:09+00:00\",\"dateModified\":\"2025-09-18T10:55:38+00:00\",\"breadcrumb\":{\"@id\":\"https:\/\/oraarena.hu\/index.php\/termek\/tissot-prx-t137-410-17-011-00\/#breadcrumb\"},\"inLanguage\":\"hu\",\"potentialAction\":[{\"@type\":\"ReadAction\",\"target\":[\"https:\/\/oraarena.hu\/index.php\/termek\/tissot-prx-t137-410-17-011-00\/\"]}]},{\"@type\":\"ImageObject\",\"inLanguage\":\"hu\",\"@id\":\"https:\/\/oraarena.hu\/index.php\/termek\/tissot-prx-t137-410-17-011-00\/#primaryimage\",\"url\":\"https:\/\/oraarena.hu\/wp-content\/uploads\/2025\/09\/23-51-498_01.jpg\",\"contentUrl\":\"https:\/\/oraarena.hu\/wp-content\/uploads\/2025\/09\/23-51-498_01.jpg\",\"width\":560,\"height\":560},{\"@type\":\"BreadcrumbList\",\"@id\":\"https:\/\/oraarena.hu\/index.php\/termek\/tissot-prx-t137-410-17-011-00\/#breadcrumb\",\"itemListElement\":[{\"@type\":\"ListItem\",\"position\":1,\"name\":\"Kezd\u0151lap\",\"item\":\"https:\/\/oraarena.hu\/\"},{\"@type\":\"ListItem\",\"position\":2,\"name\":\"Shop\",\"item\":\"https:\/\/oraarena.hu\/index.php\/uzlet\/\"},{\"@type\":\"ListItem\",\"position\":3,\"name\":\"Tissot PRX T137.410.17.011.00\"}]},{\"@type\":\"WebSite\",\"@id\":\"https:\/\/oraarena.hu\/#website\",\"url\":\"https:\/\/oraarena.hu\/\",\"name\":\"\u00d3raAr\u00e9na.hu\",\"description\":\"\u00d3raAar\u00e9na-Kar\u00f3r\u00e1k web\u00e1ruh\u00e1za \u2013 N\u0151i \u00e9s f\u00e9rfi \u00f3r\u00e1k\",\"publisher\":{\"@id\":\"https:\/\/oraarena.hu\/#organization\"},\"alternateName\":\"\u00d3raAr\u00e9na\",\"potentialAction\":[{\"@type\":\"SearchAction\",\"target\":{\"@type\":\"EntryPoint\",\"urlTemplate\":\"https:\/\/oraarena.hu\/?s={search_term_string}\"},\"query-input\":{\"@type\":\"PropertyValueSpecification\",\"valueRequired\":true,\"valueName\":\"search_term_string\"}}],\"inLanguage\":\"hu\"},{\"@type\":\"Organization\",\"@id\":\"https:\/\/oraarena.hu\/#organization\",\"name\":\"\u00d3raAr\u00e9na.hu\",\"url\":\"https:\/\/oraarena.hu\/\",\"logo\":{\"@type\":\"ImageObject\",\"inLanguage\":\"hu\",\"@id\":\"https:\/\/oraarena.hu\/#\/schema\/logo\/image\/\",\"url\":\"https:\/\/oraarena.hu\/wp-content\/uploads\/2025\/07\/logo_color.jpg\",\"contentUrl\":\"https:\/\/oraarena.hu\/wp-content\/uploads\/2025\/07\/logo_color.jpg\",\"width\":744,\"height\":495,\"caption\":\"\u00d3raAr\u00e9na.hu\"},\"image\":{\"@id\":\"https:\/\/oraarena.hu\/#\/schema\/logo\/image\/\"}}]}<\/script>\n<!-- \/ Yoast SEO plugin. -->","yoast_head_json":{"title":"Tissot PRX T137.410.17.011.00 - \u00d3raAr\u00e9na.hu","robots":{"index":"index","follow":"follow","max-snippet":"max-snippet:-1","max-image-preview":"max-image-preview:large","max-video-preview":"max-video-preview:-1"},"canonical":"https:\/\/oraarena.hu\/index.php\/termek\/tissot-prx-t137-410-17-011-00\/","og_locale":"hu_HU","og_type":"article","og_title":"Tissot PRX T137.410.17.011.00 - \u00d3raAr\u00e9na.hu","og_description":"A Tissot PRX T137.410.17.011.00 egy eleg\u00e1ns f\u00e9rfi kar\u00f3ra, amely a Tissot PRX sorozat\u00e1nak r\u00e9sze. A modell a 1970-es \u00e9vek st\u00edlus\u00e1t \u00f6tv\u00f6zi modern technol\u00f3gi\u00e1val","og_url":"https:\/\/oraarena.hu\/index.php\/termek\/tissot-prx-t137-410-17-011-00\/","og_site_name":"\u00d3raAr\u00e9na.hu","article_modified_time":"2025-09-18T10:55:38+00:00","og_image":[{"width":560,"height":560,"url":"http:\/\/oraarena.hu\/wp-content\/uploads\/2025\/09\/23-51-498_01.jpg","type":"image\/jpeg"}],"twitter_card":"summary_large_image","twitter_misc":{"Becs\u00fclt olvas\u00e1si id\u0151":"1 perc"},"schema":{"@context":"https:\/\/schema.org","@graph":[{"@type":"WebPage","@id":"https:\/\/oraarena.hu\/index.php\/termek\/tissot-prx-t137-410-17-011-00\/","url":"https:\/\/oraarena.hu\/index.php\/termek\/tissot-prx-t137-410-17-011-00\/","name":"Tissot PRX T137.410.17.011.00 - \u00d3raAr\u00e9na.hu","isPartOf":{"@id":"https:\/\/oraarena.hu\/#website"},"primaryImageOfPage":{"@id":"https:\/\/oraarena.hu\/index.php\/termek\/tissot-prx-t137-410-17-011-00\/#primaryimage"},"image":{"@id":"https:\/\/oraarena.hu\/index.php\/termek\/tissot-prx-t137-410-17-011-00\/#primaryimage"},"thumbnailUrl":"https:\/\/oraarena.hu\/wp-content\/uploads\/2025\/09\/23-51-498_01.jpg","datePublished":"2025-09-18T10:54:09+00:00","dateModified":"2025-09-18T10:55:38+00:00","breadcrumb":{"@id":"https:\/\/oraarena.hu\/index.php\/termek\/tissot-prx-t137-410-17-011-00\/#breadcrumb"},"inLanguage":"hu","potentialAction":[{"@type":"ReadAction","target":["https:\/\/oraarena.hu\/index.php\/termek\/tissot-prx-t137-410-17-011-00\/"]}]},{"@type":"ImageObject","inLanguage":"hu","@id":"https:\/\/oraarena.hu\/index.php\/termek\/tissot-prx-t137-410-17-011-00\/#primaryimage","url":"https:\/\/oraarena.hu\/wp-content\/uploads\/2025\/09\/23-51-498_01.jpg","contentUrl":"https:\/\/oraarena.hu\/wp-content\/uploads\/2025\/09\/23-51-498_01.jpg","width":560,"height":560},{"@type":"BreadcrumbList","@id":"https:\/\/oraarena.hu\/index.php\/termek\/tissot-prx-t137-410-17-011-00\/#breadcrumb","itemListElement":[{"@type":"ListItem","position":1,"name":"Kezd\u0151lap","item":"https:\/\/oraarena.hu\/"},{"@type":"ListItem","position":2,"name":"Shop","item":"https:\/\/oraarena.hu\/index.php\/uzlet\/"},{"@type":"ListItem","position":3,"name":"Tissot PRX T137.410.17.011.00"}]},{"@type":"WebSite","@id":"https:\/\/oraarena.hu\/#website","url":"https:\/\/oraarena.hu\/","name":"\u00d3raAr\u00e9na.hu","description":"\u00d3raAar\u00e9na-Kar\u00f3r\u00e1k web\u00e1ruh\u00e1za \u2013 N\u0151i \u00e9s f\u00e9rfi \u00f3r\u00e1k","publisher":{"@id":"https:\/\/oraarena.hu\/#organization"},"alternateName":"\u00d3raAr\u00e9na","potentialAction":[{"@type":"SearchAction","target":{"@type":"EntryPoint","urlTemplate":"https:\/\/oraarena.hu\/?s={search_term_string}"},"query-input":{"@type":"PropertyValueSpecification","valueRequired":true,"valueName":"search_term_string"}}],"inLanguage":"hu"},{"@type":"Organization","@id":"https:\/\/oraarena.hu\/#organization","name":"\u00d3raAr\u00e9na.hu","url":"https:\/\/oraarena.hu\/","logo":{"@type":"ImageObject","inLanguage":"hu","@id":"https:\/\/oraarena.hu\/#\/schema\/logo\/image\/","url":"https:\/\/oraarena.hu\/wp-content\/uploads\/2025\/07\/logo_color.jpg","contentUrl":"https:\/\/oraarena.hu\/wp-content\/uploads\/2025\/07\/logo_color.jpg","width":744,"height":495,"caption":"\u00d3raAr\u00e9na.hu"},"image":{"@id":"https:\/\/oraarena.hu\/#\/schema\/logo\/image\/"}}]}},"_links":{"self":[{"href":"https:\/\/oraarena.hu\/index.php\/wp-json\/wp\/v2\/product\/525","targetHints":{"allow":["GET"]}}],"collection":[{"href":"https:\/\/oraarena.hu\/index.php\/wp-json\/wp\/v2\/product"}],"about":[{"href":"https:\/\/oraarena.hu\/index.php\/wp-json\/wp\/v2\/types\/product"}],"wp:featuredmedia":[{"embeddable":true,"href":"https:\/\/oraarena.hu\/index.php\/wp-json\/wp\/v2\/media\/530"}],"wp:attachment":[{"href":"https:\/\/oraarena.hu\/index.php\/wp-json\/wp\/v2\/media?parent=525"}],"wp:term":[{"taxonomy":"product_brand","embeddable":true,"href":"https:\/\/oraarena.hu\/index.php\/wp-json\/wp\/v2\/product_brand?post=525"},{"taxonomy":"product_cat","embeddable":true,"href":"https:\/\/oraarena.hu\/index.php\/wp-json\/wp\/v2\/product_cat?post=525"},{"taxonomy":"product_tag","embeddable":true,"href":"https:\/\/oraarena.hu\/index.php\/wp-json\/wp\/v2\/product_tag?post=525"}],"curies":[{"name":"wp","href":"https:\/\/api.w.org\/{rel}","templated":true}]}}