{"id":513,"date":"2025-09-18T12:26:44","date_gmt":"2025-09-18T10:26:44","guid":{"rendered":"https:\/\/oraarena.hu\/?post_type=product&#038;p=513"},"modified":"2025-09-18T12:35:46","modified_gmt":"2025-09-18T10:35:46","slug":"tissot-prx-137-410-11-091-01","status":"publish","type":"product","link":"https:\/\/oraarena.hu\/index.php\/termek\/tissot-prx-137-410-11-091-01\/","title":{"rendered":"Tissot PRX 137.410.11.091.01"},"content":{"rendered":"<p>Tok \u00e1tm\u00e9r\u0151je: 40,00 mm<\/p>\n<p>Vastags\u00e1g: 10,40 mm<\/p>\n<p>Sz\u00edj sz\u00e9less\u00e9g: 12,00 mm<\/p>\n<p>Anyaga: 316L rozsdamentes ac\u00e9l tok \u00e9s sz\u00edj. \u00dcveg Zaf\u00edr krist\u00e1ly (sapphire crystal), karc\u00e1ll\u00f3<\/p>\n<p>V\u00edz\u00e1ll\u00f3s\u00e1g 10 bar \/ 100 m (\u2248 330 l\u00e1b)<\/p>\n<p>&nbsp;<\/p>\n<ul>\n<li>Szerkezet: <strong>Swiss Quartz<\/strong> mozgat\u00f3rendszer, EOL funkci\u00f3val (Battery End-Of-Life ) \u2013 vagyis jelez, amikor az elem k\u00f6zel \u00e1ll a cser\u00e9hez<\/li>\n<li>Elem t\u00edpusa: Renata 371 (jellemz\u0151en)<\/li>\n<li>Funkci\u00f3k: \u00d3ra, perc, m\u00e1sodperc, d\u00e1tum, vil\u00e1gos de visszafogott st\u00edlusban.<\/li>\n<li>Sz\u00edn: vil\u00e1gos\/z\u00f6ldes (\u201clight green\u201d) t\u00e1rcsa sz\u00edn, ami viszonylag ritk\u00e1bb \u00e1rnyalat a PRX-sorozatban, \u00edgy k\u00fcl\u00f6nlegesebb megjelen\u00e9st ad.<\/li>\n<\/ul>\n<ul>\n<li>Indexek, mutat\u00f3k: f\u00e9msz\u00edn\u0171, tiszta vonalvezet\u00e9s\u0171 indexek, a mutat\u00f3k vil\u00e1g\u00edt\u00f3 (Super-LumiNova) megold\u00e1ssal, hogy s\u00f6t\u00e9tben is l\u00e1that\u00f3 legyen az id\u0151.<\/li>\n<li>Sz\u00edj: ac\u00e9l. A PRX sz\u00e9ria jellemz\u0151je, hogy a kar\u00f3ra integr\u00e1lt st\u00edlusban, azaz a tokhoz illeszked\u0151, sim\u00e1n illeszked\u0151 ac\u00e9l sz\u00edjjal van felszerelve. Gyors-csere (interchangeable) rendszerrel is rendelkezik, \u00edgy lehet m\u00e1s sz\u00edjra v\u00e1ltani viszonylag egyszer\u0171en.<\/li>\n<\/ul>\n","protected":false},"excerpt":{"rendered":"<p>A Tissot <strong>T137.410.11.091.01<\/strong> egy PRX sorozat\u00fa, sv\u00e1jci quartz (elemes) kar\u00f3ra, er\u0151teljes diz\u00e1jnnal \u00e9s klinikai pontoss\u00e1ggal.<\/p>\n<ul>\n<li>Modell: <strong>Tissot PRX<\/strong> \u2013 modern, retr\u00f3 ihlet\u00e9s\u0171 sorozat, amely a \u201970-es \u00e9vek diz\u00e1jnvonal\u00e1t id\u00e9zi.<\/li>\n<li>Kateg\u00f3ria: Classik \/ Contemporary \/ Swiss Made quartz kar\u00f3ra.<\/li>\n<li>Az ac\u00e9l tok + zaf\u00edr \u00fcveg miatt j\u00f3 strapab\u00edr\u00f3s\u00e1g, eleg\u00e1ns k\u00fcls\u0151vel.<\/li>\n<li>A 100 m v\u00edz\u00e1ll\u00f3s\u00e1g el\u00e9g a mindennapi haszn\u00e1lathoz, \u00fasz\u00e1shoz sem kell levenni<\/li>\n<li>A PRX sorozat designja st\u00edlusos, retr\u00f3s hangulatot id\u00e9z, de modern k\u00e9nyelmi funkci\u00f3kkal.<\/li>\n<li>Az EOL (battery end-of-life) jelz\u00e9s seg\u00edt id\u0151ben tudatos\u00edtani elemcser\u00e9t, hogy ne \u00e1lljon le v\u00e1ratlanul.<\/li>\n<\/ul>\n","protected":false},"featured_media":514,"template":"","meta":[],"product_brand":[32],"product_cat":[15,31,20],"product_tag":[],"class_list":{"0":"post-513","1":"product","2":"type-product","3":"status-publish","4":"has-post-thumbnail","6":"product_brand-tissot","7":"product_cat-egyeb","8":"product_cat-ferfi-orak","9":"product_cat-orak","11":"first","12":"instock","13":"sale","14":"shipping-taxable","15":"purchasable","16":"product-type-simple"},"yoast_head":"<!-- This site is optimized with the Yoast SEO plugin v26.0 - https:\/\/yoast.com\/wordpress\/plugins\/seo\/ -->\n<title>Tissot PRX 137.410.11.091.01 - \u00d3raAr\u00e9na.hu<\/title>\n<meta name=\"robots\" content=\"index, follow, max-snippet:-1, max-image-preview:large, max-video-preview:-1\" \/>\n<link rel=\"canonical\" href=\"https:\/\/oraarena.hu\/index.php\/termek\/tissot-prx-137-410-11-091-01\/\" \/>\n<meta property=\"og:locale\" content=\"hu_HU\" \/>\n<meta property=\"og:type\" content=\"article\" \/>\n<meta property=\"og:title\" content=\"Tissot PRX 137.410.11.091.01 - \u00d3raAr\u00e9na.hu\" \/>\n<meta property=\"og:description\" content=\"A Tissot T137.410.11.091.01 egy PRX sorozat\u00fa, sv\u00e1jci quartz (elemes) kar\u00f3ra, er\u0151teljes diz\u00e1jnnal \u00e9s klinikai pontoss\u00e1ggal.   Modell: Tissot PRX \u2013 modern, retr\u00f3 ihlet\u00e9s\u0171 sorozat, amely a \u201970-es \u00e9vek diz\u00e1jnvonal\u00e1t id\u00e9zi.  Kateg\u00f3ria: Classik \/ Contemporary \/ Swiss Made quartz kar\u00f3ra.  Az ac\u00e9l tok + zaf\u00edr \u00fcveg miatt j\u00f3 strapab\u00edr\u00f3s\u00e1g, eleg\u00e1ns k\u00fcls\u0151vel.  A 100 m v\u00edz\u00e1ll\u00f3s\u00e1g el\u00e9g a mindennapi haszn\u00e1lathoz, \u00fasz\u00e1shoz sem kell levenni  A PRX sorozat designja st\u00edlusos, retr\u00f3s hangulatot id\u00e9z, de modern k\u00e9nyelmi funkci\u00f3kkal.  Az EOL (battery end-of-life) jelz\u00e9s seg\u00edt id\u0151ben tudatos\u00edtani elemcser\u00e9t, hogy ne \u00e1lljon le v\u00e1ratlanul.\" \/>\n<meta property=\"og:url\" content=\"https:\/\/oraarena.hu\/index.php\/termek\/tissot-prx-137-410-11-091-01\/\" \/>\n<meta property=\"og:site_name\" content=\"\u00d3raAr\u00e9na.hu\" \/>\n<meta property=\"article:modified_time\" content=\"2025-09-18T10:35:46+00:00\" \/>\n<meta property=\"og:image\" content=\"http:\/\/oraarena.hu\/wp-content\/uploads\/2025\/09\/12581643.jpg\" \/>\n\t<meta property=\"og:image:width\" content=\"532\" \/>\n\t<meta property=\"og:image:height\" content=\"600\" \/>\n\t<meta property=\"og:image:type\" content=\"image\/jpeg\" \/>\n<meta name=\"twitter:card\" content=\"summary_large_image\" \/>\n<meta name=\"twitter:label1\" content=\"Becs\u00fclt olvas\u00e1si id\u0151\" \/>\n\t<meta name=\"twitter:data1\" content=\"1 perc\" \/>\n<script type=\"application\/ld+json\" class=\"yoast-schema-graph\">{\"@context\":\"https:\/\/schema.org\",\"@graph\":[{\"@type\":\"WebPage\",\"@id\":\"https:\/\/oraarena.hu\/index.php\/termek\/tissot-prx-137-410-11-091-01\/\",\"url\":\"https:\/\/oraarena.hu\/index.php\/termek\/tissot-prx-137-410-11-091-01\/\",\"name\":\"Tissot PRX 137.410.11.091.01 - \u00d3raAr\u00e9na.hu\",\"isPartOf\":{\"@id\":\"https:\/\/oraarena.hu\/#website\"},\"primaryImageOfPage\":{\"@id\":\"https:\/\/oraarena.hu\/index.php\/termek\/tissot-prx-137-410-11-091-01\/#primaryimage\"},\"image\":{\"@id\":\"https:\/\/oraarena.hu\/index.php\/termek\/tissot-prx-137-410-11-091-01\/#primaryimage\"},\"thumbnailUrl\":\"https:\/\/oraarena.hu\/wp-content\/uploads\/2025\/09\/12581643.jpg\",\"datePublished\":\"2025-09-18T10:26:44+00:00\",\"dateModified\":\"2025-09-18T10:35:46+00:00\",\"breadcrumb\":{\"@id\":\"https:\/\/oraarena.hu\/index.php\/termek\/tissot-prx-137-410-11-091-01\/#breadcrumb\"},\"inLanguage\":\"hu\",\"potentialAction\":[{\"@type\":\"ReadAction\",\"target\":[\"https:\/\/oraarena.hu\/index.php\/termek\/tissot-prx-137-410-11-091-01\/\"]}]},{\"@type\":\"ImageObject\",\"inLanguage\":\"hu\",\"@id\":\"https:\/\/oraarena.hu\/index.php\/termek\/tissot-prx-137-410-11-091-01\/#primaryimage\",\"url\":\"https:\/\/oraarena.hu\/wp-content\/uploads\/2025\/09\/12581643.jpg\",\"contentUrl\":\"https:\/\/oraarena.hu\/wp-content\/uploads\/2025\/09\/12581643.jpg\",\"width\":532,\"height\":600},{\"@type\":\"BreadcrumbList\",\"@id\":\"https:\/\/oraarena.hu\/index.php\/termek\/tissot-prx-137-410-11-091-01\/#breadcrumb\",\"itemListElement\":[{\"@type\":\"ListItem\",\"position\":1,\"name\":\"Kezd\u0151lap\",\"item\":\"https:\/\/oraarena.hu\/\"},{\"@type\":\"ListItem\",\"position\":2,\"name\":\"Shop\",\"item\":\"https:\/\/oraarena.hu\/index.php\/uzlet\/\"},{\"@type\":\"ListItem\",\"position\":3,\"name\":\"Tissot PRX 137.410.11.091.01\"}]},{\"@type\":\"WebSite\",\"@id\":\"https:\/\/oraarena.hu\/#website\",\"url\":\"https:\/\/oraarena.hu\/\",\"name\":\"\u00d3raAr\u00e9na.hu\",\"description\":\"\u00d3raAar\u00e9na-Kar\u00f3r\u00e1k web\u00e1ruh\u00e1za \u2013 N\u0151i \u00e9s f\u00e9rfi \u00f3r\u00e1k\",\"publisher\":{\"@id\":\"https:\/\/oraarena.hu\/#organization\"},\"alternateName\":\"\u00d3raAr\u00e9na\",\"potentialAction\":[{\"@type\":\"SearchAction\",\"target\":{\"@type\":\"EntryPoint\",\"urlTemplate\":\"https:\/\/oraarena.hu\/?s={search_term_string}\"},\"query-input\":{\"@type\":\"PropertyValueSpecification\",\"valueRequired\":true,\"valueName\":\"search_term_string\"}}],\"inLanguage\":\"hu\"},{\"@type\":\"Organization\",\"@id\":\"https:\/\/oraarena.hu\/#organization\",\"name\":\"\u00d3raAr\u00e9na.hu\",\"url\":\"https:\/\/oraarena.hu\/\",\"logo\":{\"@type\":\"ImageObject\",\"inLanguage\":\"hu\",\"@id\":\"https:\/\/oraarena.hu\/#\/schema\/logo\/image\/\",\"url\":\"https:\/\/oraarena.hu\/wp-content\/uploads\/2025\/07\/logo_color.jpg\",\"contentUrl\":\"https:\/\/oraarena.hu\/wp-content\/uploads\/2025\/07\/logo_color.jpg\",\"width\":744,\"height\":495,\"caption\":\"\u00d3raAr\u00e9na.hu\"},\"image\":{\"@id\":\"https:\/\/oraarena.hu\/#\/schema\/logo\/image\/\"}}]}<\/script>\n<!-- \/ Yoast SEO plugin. -->","yoast_head_json":{"title":"Tissot PRX 137.410.11.091.01 - \u00d3raAr\u00e9na.hu","robots":{"index":"index","follow":"follow","max-snippet":"max-snippet:-1","max-image-preview":"max-image-preview:large","max-video-preview":"max-video-preview:-1"},"canonical":"https:\/\/oraarena.hu\/index.php\/termek\/tissot-prx-137-410-11-091-01\/","og_locale":"hu_HU","og_type":"article","og_title":"Tissot PRX 137.410.11.091.01 - \u00d3raAr\u00e9na.hu","og_description":"A Tissot T137.410.11.091.01 egy PRX sorozat\u00fa, sv\u00e1jci quartz (elemes) kar\u00f3ra, er\u0151teljes diz\u00e1jnnal \u00e9s klinikai pontoss\u00e1ggal.   Modell: Tissot PRX \u2013 modern, retr\u00f3 ihlet\u00e9s\u0171 sorozat, amely a \u201970-es \u00e9vek diz\u00e1jnvonal\u00e1t id\u00e9zi.  Kateg\u00f3ria: Classik \/ Contemporary \/ Swiss Made quartz kar\u00f3ra.  Az ac\u00e9l tok + zaf\u00edr \u00fcveg miatt j\u00f3 strapab\u00edr\u00f3s\u00e1g, eleg\u00e1ns k\u00fcls\u0151vel.  A 100 m v\u00edz\u00e1ll\u00f3s\u00e1g el\u00e9g a mindennapi haszn\u00e1lathoz, \u00fasz\u00e1shoz sem kell levenni  A PRX sorozat designja st\u00edlusos, retr\u00f3s hangulatot id\u00e9z, de modern k\u00e9nyelmi funkci\u00f3kkal.  Az EOL (battery end-of-life) jelz\u00e9s seg\u00edt id\u0151ben tudatos\u00edtani elemcser\u00e9t, hogy ne \u00e1lljon le v\u00e1ratlanul.","og_url":"https:\/\/oraarena.hu\/index.php\/termek\/tissot-prx-137-410-11-091-01\/","og_site_name":"\u00d3raAr\u00e9na.hu","article_modified_time":"2025-09-18T10:35:46+00:00","og_image":[{"width":532,"height":600,"url":"http:\/\/oraarena.hu\/wp-content\/uploads\/2025\/09\/12581643.jpg","type":"image\/jpeg"}],"twitter_card":"summary_large_image","twitter_misc":{"Becs\u00fclt olvas\u00e1si id\u0151":"1 perc"},"schema":{"@context":"https:\/\/schema.org","@graph":[{"@type":"WebPage","@id":"https:\/\/oraarena.hu\/index.php\/termek\/tissot-prx-137-410-11-091-01\/","url":"https:\/\/oraarena.hu\/index.php\/termek\/tissot-prx-137-410-11-091-01\/","name":"Tissot PRX 137.410.11.091.01 - \u00d3raAr\u00e9na.hu","isPartOf":{"@id":"https:\/\/oraarena.hu\/#website"},"primaryImageOfPage":{"@id":"https:\/\/oraarena.hu\/index.php\/termek\/tissot-prx-137-410-11-091-01\/#primaryimage"},"image":{"@id":"https:\/\/oraarena.hu\/index.php\/termek\/tissot-prx-137-410-11-091-01\/#primaryimage"},"thumbnailUrl":"https:\/\/oraarena.hu\/wp-content\/uploads\/2025\/09\/12581643.jpg","datePublished":"2025-09-18T10:26:44+00:00","dateModified":"2025-09-18T10:35:46+00:00","breadcrumb":{"@id":"https:\/\/oraarena.hu\/index.php\/termek\/tissot-prx-137-410-11-091-01\/#breadcrumb"},"inLanguage":"hu","potentialAction":[{"@type":"ReadAction","target":["https:\/\/oraarena.hu\/index.php\/termek\/tissot-prx-137-410-11-091-01\/"]}]},{"@type":"ImageObject","inLanguage":"hu","@id":"https:\/\/oraarena.hu\/index.php\/termek\/tissot-prx-137-410-11-091-01\/#primaryimage","url":"https:\/\/oraarena.hu\/wp-content\/uploads\/2025\/09\/12581643.jpg","contentUrl":"https:\/\/oraarena.hu\/wp-content\/uploads\/2025\/09\/12581643.jpg","width":532,"height":600},{"@type":"BreadcrumbList","@id":"https:\/\/oraarena.hu\/index.php\/termek\/tissot-prx-137-410-11-091-01\/#breadcrumb","itemListElement":[{"@type":"ListItem","position":1,"name":"Kezd\u0151lap","item":"https:\/\/oraarena.hu\/"},{"@type":"ListItem","position":2,"name":"Shop","item":"https:\/\/oraarena.hu\/index.php\/uzlet\/"},{"@type":"ListItem","position":3,"name":"Tissot PRX 137.410.11.091.01"}]},{"@type":"WebSite","@id":"https:\/\/oraarena.hu\/#website","url":"https:\/\/oraarena.hu\/","name":"\u00d3raAr\u00e9na.hu","description":"\u00d3raAar\u00e9na-Kar\u00f3r\u00e1k web\u00e1ruh\u00e1za \u2013 N\u0151i \u00e9s f\u00e9rfi \u00f3r\u00e1k","publisher":{"@id":"https:\/\/oraarena.hu\/#organization"},"alternateName":"\u00d3raAr\u00e9na","potentialAction":[{"@type":"SearchAction","target":{"@type":"EntryPoint","urlTemplate":"https:\/\/oraarena.hu\/?s={search_term_string}"},"query-input":{"@type":"PropertyValueSpecification","valueRequired":true,"valueName":"search_term_string"}}],"inLanguage":"hu"},{"@type":"Organization","@id":"https:\/\/oraarena.hu\/#organization","name":"\u00d3raAr\u00e9na.hu","url":"https:\/\/oraarena.hu\/","logo":{"@type":"ImageObject","inLanguage":"hu","@id":"https:\/\/oraarena.hu\/#\/schema\/logo\/image\/","url":"https:\/\/oraarena.hu\/wp-content\/uploads\/2025\/07\/logo_color.jpg","contentUrl":"https:\/\/oraarena.hu\/wp-content\/uploads\/2025\/07\/logo_color.jpg","width":744,"height":495,"caption":"\u00d3raAr\u00e9na.hu"},"image":{"@id":"https:\/\/oraarena.hu\/#\/schema\/logo\/image\/"}}]}},"_links":{"self":[{"href":"https:\/\/oraarena.hu\/index.php\/wp-json\/wp\/v2\/product\/513","targetHints":{"allow":["GET"]}}],"collection":[{"href":"https:\/\/oraarena.hu\/index.php\/wp-json\/wp\/v2\/product"}],"about":[{"href":"https:\/\/oraarena.hu\/index.php\/wp-json\/wp\/v2\/types\/product"}],"wp:featuredmedia":[{"embeddable":true,"href":"https:\/\/oraarena.hu\/index.php\/wp-json\/wp\/v2\/media\/514"}],"wp:attachment":[{"href":"https:\/\/oraarena.hu\/index.php\/wp-json\/wp\/v2\/media?parent=513"}],"wp:term":[{"taxonomy":"product_brand","embeddable":true,"href":"https:\/\/oraarena.hu\/index.php\/wp-json\/wp\/v2\/product_brand?post=513"},{"taxonomy":"product_cat","embeddable":true,"href":"https:\/\/oraarena.hu\/index.php\/wp-json\/wp\/v2\/product_cat?post=513"},{"taxonomy":"product_tag","embeddable":true,"href":"https:\/\/oraarena.hu\/index.php\/wp-json\/wp\/v2\/product_tag?post=513"}],"curies":[{"name":"wp","href":"https:\/\/api.w.org\/{rel}","templated":true}]}}