{"id":503,"date":"2025-09-18T06:41:49","date_gmt":"2025-09-18T04:41:49","guid":{"rendered":"https:\/\/oraarena.hu\/?post_type=product&#038;p=503"},"modified":"2025-09-18T12:46:50","modified_gmt":"2025-09-18T10:46:50","slug":"ga-2100-9a9er-g-shock","status":"publish","type":"product","link":"https:\/\/oraarena.hu\/index.php\/termek\/ga-2100-9a9er-g-shock\/","title":{"rendered":"GA-2100-9A9ER G-SHOCK"},"content":{"rendered":"<p>A Casio <strong>G-Shock GA-2100-9A9ER<\/strong> egy sokoldal\u00fa, \u00fct\u00e9s- \u00e9s v\u00edz\u00e1ll\u00f3 kar\u00f3ra, amely a GA-2100 sorozat r\u00e9sze, \u201eTone-on-Tone \/ One-Tone\u201d kollekci\u00f3ban. Al\u00e1bb r\u00e9szletesen \u00f6sszegzem a m\u0171szaki adatokat \u00e9s a f\u0151bb jellemz\u0151ket.<\/p>\n<ul>\n<li>A diz\u00e1jn jellemz\u0151je az intenz\u00edv, <strong>Volt Yellow<\/strong> sz\u00edn \u2013 er\u0151s, felt\u0171n\u0151 s\u00e1rga \u00e1rnyalatban k\u00e9sz\u00fclt tok, l\u00fcnetta, sz\u00edj, \u00e9s a sz\u00e1mlap elemei is t\u00f3nusban hozz\u00e1 ill\u0151en vannak megmunk\u00e1lva, r\u00e9szben textur\u00e1lt fel\u00fcletekkel.<\/li>\n<li>Az anal\u00f3g + digit\u00e1lis (&#8222;dual display&#8221;) jelleg kombin\u00e1lja a klasszikus mutat\u00f3s id\u0151megjelen\u00edt\u00e9st digit\u00e1lis kijelz\u0151kkel.<\/li>\n<li>A tok kialak\u00edt\u00e1sa karbon-er\u0151s\u00edt\u00e9s\u0171, bioalap\u00fa m\u0171gyanta (\u201cbio-based resin\u201d) anyagokkal, amely seg\u00edt cs\u00f6kkenteni a s\u00falyt \u00e9s biztos\u00edtja az \u00fct\u00e9s\u00e1ll\u00f3s\u00e1got.<\/li>\n<\/ul>\n<p>&nbsp;<\/p>\n<table>\n<tbody>\n<tr>\n<td><\/td>\n<td><\/td>\n<\/tr>\n<\/tbody>\n<\/table>\n<p>M\u00e9rete 48,5 \u00d7 45,4 \u00d7 11,8 mm<\/p>\n<p>S\u00faly kb. 51 g<\/p>\n<p>Anyag (tok \u00e9s l\u00fcnetta) Karbon + biogyanta<\/p>\n<p>Sz\u00edj: Bioalap\u00fa gyantasz\u00edj<\/p>\n<p>\u00dcveg: \u00c1sv\u00e1nyi \u00fcveg<\/p>\n<p>V\u00edz\u00e1ll\u00f3s\u00e1g 200 m\u00e9ter (20 bar)<\/p>\n<p>T\u00e1pell\u00e1t\u00e1s \/ Akkumul\u00e1tor: Kvarc, SR726W \u00d7 2 elem; kb. 3 \u00e9v \u00e9lettartam<\/p>\n<p>&nbsp;<\/p>\n<ul>\n<li><strong>Vil\u00e1gid\u0151<\/strong>: 31 id\u0151z\u00f3na, 48 v\u00e1ros + UTC \u2248 Kijelz\u0151n lehets\u00e9ges v\u00e1rosv\u00e1laszt\u00e1s napf\u00e9ny\/id\u0151sz\u00e1m\u00edt\u00e1s jelz\u00e9ssel.<\/li>\n<li><strong>Stopper (chronograph)<\/strong>: 1\/100-m\u00e1sodperces pontoss\u00e1ggal; id\u0151tartam ak\u00e1r 24 \u00f3ra.<\/li>\n<li><strong>Visszasz\u00e1ml\u00e1l\u00f3 (timer)<\/strong>: Be\u00e1ll\u00edthat\u00f3 1 m\u00e1sodperces l\u00e9pt\u00e9kben ak\u00e1r 24 \u00f3r\u00e1ra<\/li>\n<li><strong>Riaszt\u00e1sok<\/strong>: 5 napi riaszt\u00e1s + \u00f3r\u00e1nk\u00e9nti figyelmeztet\u00e9s (\u201chourly time signal\u201d)<\/li>\n<li><strong>Napt\u00e1r<\/strong>: Automatikus teljes napt\u00e1r eg\u00e9szen az \u00e9v 2099-ig<\/li>\n<li><strong>Vil\u00e1g\u00edt\u00e1s<\/strong>: Dupla LED vil\u00e1g\u00edt\u00e1s, \u201cSuper Illuminator\u201d \u2013 az anal\u00f3g sz\u00e1mlap \u00e9s digit\u00e1lis r\u00e9sz is h\u00e1tt\u00e9rvil\u00e1g\u00edt\u00e1ssal; vil\u00e1g\u00edt\u00e1s id\u0151tartama v\u00e1laszthat\u00f3 (1,5 s vagy 3 s)<\/li>\n<li><strong>Kezek visszah\u00faz\u00e1sa funkci\u00f3<\/strong> (\u201cHand-shift\u201d): amikor digit\u00e1lis kijelz\u0151ket kell olvasni, a mutat\u00f3k elt\u00e1volodnak \u00fagy, hogy ne takarjanak ki semmit.<\/li>\n<\/ul>\n","protected":false},"excerpt":{"rendered":"<p>A Casio G-Shock GA-2100-9A9ER egy sokoldal\u00fa, \u00fct\u00e9s- \u00e9s v\u00edz\u00e1ll\u00f3 kar\u00f3ra, amely a GA-2100 sorozat r\u00e9sze, \u201eTone-on-Tone \/ One-Tone\u201d kollekci\u00f3ban. Al\u00e1bb r\u00e9szletesen \u00f6sszegzem a m\u0171szaki adatokat \u00e9s a f\u0151bb jellemz\u0151ket. A diz\u00e1jn jellemz\u0151je az intenz\u00edv, Volt Yellow sz\u00edn \u2013 er\u0151s, felt\u0171n\u0151 s\u00e1rga \u00e1rnyalatban k\u00e9sz\u00fclt tok, l\u00fcnetta, sz\u00edj, \u00e9s a sz\u00e1mlap elemei is t\u00f3nusban hozz\u00e1 ill\u0151en vannak [&hellip;]<\/p>\n","protected":false},"featured_media":504,"template":"","meta":[],"product_brand":[27],"product_cat":[15,31,30,20],"product_tag":[],"class_list":{"0":"post-503","1":"product","2":"type-product","3":"status-publish","4":"has-post-thumbnail","6":"product_brand-casio","7":"product_cat-egyeb","8":"product_cat-ferfi-orak","9":"product_cat-noi-orak","10":"product_cat-orak","12":"first","13":"instock","14":"shipping-taxable","15":"purchasable","16":"product-type-simple"},"yoast_head":"<!-- This site is optimized with the Yoast SEO plugin v26.0 - https:\/\/yoast.com\/wordpress\/plugins\/seo\/ -->\n<title>GA-2100-9A9ER G-SHOCK - \u00d3raAr\u00e9na.hu<\/title>\n<meta name=\"robots\" content=\"index, follow, max-snippet:-1, max-image-preview:large, max-video-preview:-1\" \/>\n<link rel=\"canonical\" href=\"https:\/\/oraarena.hu\/index.php\/termek\/ga-2100-9a9er-g-shock\/\" \/>\n<meta property=\"og:locale\" content=\"hu_HU\" \/>\n<meta property=\"og:type\" content=\"article\" \/>\n<meta property=\"og:title\" content=\"GA-2100-9A9ER G-SHOCK - \u00d3raAr\u00e9na.hu\" \/>\n<meta property=\"og:description\" content=\"A Casio G-Shock GA-2100-9A9ER egy sokoldal\u00fa, \u00fct\u00e9s- \u00e9s v\u00edz\u00e1ll\u00f3 kar\u00f3ra, amely a GA-2100 sorozat r\u00e9sze, \u201eTone-on-Tone \/ One-Tone\u201d kollekci\u00f3ban. Al\u00e1bb r\u00e9szletesen \u00f6sszegzem a m\u0171szaki adatokat \u00e9s a f\u0151bb jellemz\u0151ket. A diz\u00e1jn jellemz\u0151je az intenz\u00edv, Volt Yellow sz\u00edn \u2013 er\u0151s, felt\u0171n\u0151 s\u00e1rga \u00e1rnyalatban k\u00e9sz\u00fclt tok, l\u00fcnetta, sz\u00edj, \u00e9s a sz\u00e1mlap elemei is t\u00f3nusban hozz\u00e1 ill\u0151en vannak [&hellip;]\" \/>\n<meta property=\"og:url\" content=\"https:\/\/oraarena.hu\/index.php\/termek\/ga-2100-9a9er-g-shock\/\" \/>\n<meta property=\"og:site_name\" content=\"\u00d3raAr\u00e9na.hu\" \/>\n<meta property=\"article:modified_time\" content=\"2025-09-18T10:46:50+00:00\" \/>\n<meta property=\"og:image\" content=\"http:\/\/oraarena.hu\/wp-content\/uploads\/2025\/09\/GA-2100-9A9ER__75053.jpg\" \/>\n\t<meta property=\"og:image:width\" content=\"1280\" \/>\n\t<meta property=\"og:image:height\" content=\"1280\" \/>\n\t<meta property=\"og:image:type\" content=\"image\/jpeg\" \/>\n<meta name=\"twitter:card\" content=\"summary_large_image\" \/>\n<meta name=\"twitter:label1\" content=\"Becs\u00fclt olvas\u00e1si id\u0151\" \/>\n\t<meta name=\"twitter:data1\" content=\"2 perc\" \/>\n<script type=\"application\/ld+json\" class=\"yoast-schema-graph\">{\"@context\":\"https:\/\/schema.org\",\"@graph\":[{\"@type\":\"WebPage\",\"@id\":\"https:\/\/oraarena.hu\/index.php\/termek\/ga-2100-9a9er-g-shock\/\",\"url\":\"https:\/\/oraarena.hu\/index.php\/termek\/ga-2100-9a9er-g-shock\/\",\"name\":\"GA-2100-9A9ER G-SHOCK - \u00d3raAr\u00e9na.hu\",\"isPartOf\":{\"@id\":\"https:\/\/oraarena.hu\/#website\"},\"primaryImageOfPage\":{\"@id\":\"https:\/\/oraarena.hu\/index.php\/termek\/ga-2100-9a9er-g-shock\/#primaryimage\"},\"image\":{\"@id\":\"https:\/\/oraarena.hu\/index.php\/termek\/ga-2100-9a9er-g-shock\/#primaryimage\"},\"thumbnailUrl\":\"https:\/\/oraarena.hu\/wp-content\/uploads\/2025\/09\/GA-2100-9A9ER__75053.jpg\",\"datePublished\":\"2025-09-18T04:41:49+00:00\",\"dateModified\":\"2025-09-18T10:46:50+00:00\",\"breadcrumb\":{\"@id\":\"https:\/\/oraarena.hu\/index.php\/termek\/ga-2100-9a9er-g-shock\/#breadcrumb\"},\"inLanguage\":\"hu\",\"potentialAction\":[{\"@type\":\"ReadAction\",\"target\":[\"https:\/\/oraarena.hu\/index.php\/termek\/ga-2100-9a9er-g-shock\/\"]}]},{\"@type\":\"ImageObject\",\"inLanguage\":\"hu\",\"@id\":\"https:\/\/oraarena.hu\/index.php\/termek\/ga-2100-9a9er-g-shock\/#primaryimage\",\"url\":\"https:\/\/oraarena.hu\/wp-content\/uploads\/2025\/09\/GA-2100-9A9ER__75053.jpg\",\"contentUrl\":\"https:\/\/oraarena.hu\/wp-content\/uploads\/2025\/09\/GA-2100-9A9ER__75053.jpg\",\"width\":1280,\"height\":1280},{\"@type\":\"BreadcrumbList\",\"@id\":\"https:\/\/oraarena.hu\/index.php\/termek\/ga-2100-9a9er-g-shock\/#breadcrumb\",\"itemListElement\":[{\"@type\":\"ListItem\",\"position\":1,\"name\":\"Kezd\u0151lap\",\"item\":\"https:\/\/oraarena.hu\/\"},{\"@type\":\"ListItem\",\"position\":2,\"name\":\"Shop\",\"item\":\"https:\/\/oraarena.hu\/index.php\/uzlet\/\"},{\"@type\":\"ListItem\",\"position\":3,\"name\":\"GA-2100-9A9ER G-SHOCK\"}]},{\"@type\":\"WebSite\",\"@id\":\"https:\/\/oraarena.hu\/#website\",\"url\":\"https:\/\/oraarena.hu\/\",\"name\":\"\u00d3raAr\u00e9na.hu\",\"description\":\"\u00d3raAar\u00e9na-Kar\u00f3r\u00e1k web\u00e1ruh\u00e1za \u2013 N\u0151i \u00e9s f\u00e9rfi \u00f3r\u00e1k\",\"publisher\":{\"@id\":\"https:\/\/oraarena.hu\/#organization\"},\"alternateName\":\"\u00d3raAr\u00e9na\",\"potentialAction\":[{\"@type\":\"SearchAction\",\"target\":{\"@type\":\"EntryPoint\",\"urlTemplate\":\"https:\/\/oraarena.hu\/?s={search_term_string}\"},\"query-input\":{\"@type\":\"PropertyValueSpecification\",\"valueRequired\":true,\"valueName\":\"search_term_string\"}}],\"inLanguage\":\"hu\"},{\"@type\":\"Organization\",\"@id\":\"https:\/\/oraarena.hu\/#organization\",\"name\":\"\u00d3raAr\u00e9na.hu\",\"url\":\"https:\/\/oraarena.hu\/\",\"logo\":{\"@type\":\"ImageObject\",\"inLanguage\":\"hu\",\"@id\":\"https:\/\/oraarena.hu\/#\/schema\/logo\/image\/\",\"url\":\"https:\/\/oraarena.hu\/wp-content\/uploads\/2025\/07\/logo_color.jpg\",\"contentUrl\":\"https:\/\/oraarena.hu\/wp-content\/uploads\/2025\/07\/logo_color.jpg\",\"width\":744,\"height\":495,\"caption\":\"\u00d3raAr\u00e9na.hu\"},\"image\":{\"@id\":\"https:\/\/oraarena.hu\/#\/schema\/logo\/image\/\"}}]}<\/script>\n<!-- \/ Yoast SEO plugin. -->","yoast_head_json":{"title":"GA-2100-9A9ER G-SHOCK - \u00d3raAr\u00e9na.hu","robots":{"index":"index","follow":"follow","max-snippet":"max-snippet:-1","max-image-preview":"max-image-preview:large","max-video-preview":"max-video-preview:-1"},"canonical":"https:\/\/oraarena.hu\/index.php\/termek\/ga-2100-9a9er-g-shock\/","og_locale":"hu_HU","og_type":"article","og_title":"GA-2100-9A9ER G-SHOCK - \u00d3raAr\u00e9na.hu","og_description":"A Casio G-Shock GA-2100-9A9ER egy sokoldal\u00fa, \u00fct\u00e9s- \u00e9s v\u00edz\u00e1ll\u00f3 kar\u00f3ra, amely a GA-2100 sorozat r\u00e9sze, \u201eTone-on-Tone \/ One-Tone\u201d kollekci\u00f3ban. Al\u00e1bb r\u00e9szletesen \u00f6sszegzem a m\u0171szaki adatokat \u00e9s a f\u0151bb jellemz\u0151ket. A diz\u00e1jn jellemz\u0151je az intenz\u00edv, Volt Yellow sz\u00edn \u2013 er\u0151s, felt\u0171n\u0151 s\u00e1rga \u00e1rnyalatban k\u00e9sz\u00fclt tok, l\u00fcnetta, sz\u00edj, \u00e9s a sz\u00e1mlap elemei is t\u00f3nusban hozz\u00e1 ill\u0151en vannak [&hellip;]","og_url":"https:\/\/oraarena.hu\/index.php\/termek\/ga-2100-9a9er-g-shock\/","og_site_name":"\u00d3raAr\u00e9na.hu","article_modified_time":"2025-09-18T10:46:50+00:00","og_image":[{"width":1280,"height":1280,"url":"http:\/\/oraarena.hu\/wp-content\/uploads\/2025\/09\/GA-2100-9A9ER__75053.jpg","type":"image\/jpeg"}],"twitter_card":"summary_large_image","twitter_misc":{"Becs\u00fclt olvas\u00e1si id\u0151":"2 perc"},"schema":{"@context":"https:\/\/schema.org","@graph":[{"@type":"WebPage","@id":"https:\/\/oraarena.hu\/index.php\/termek\/ga-2100-9a9er-g-shock\/","url":"https:\/\/oraarena.hu\/index.php\/termek\/ga-2100-9a9er-g-shock\/","name":"GA-2100-9A9ER G-SHOCK - \u00d3raAr\u00e9na.hu","isPartOf":{"@id":"https:\/\/oraarena.hu\/#website"},"primaryImageOfPage":{"@id":"https:\/\/oraarena.hu\/index.php\/termek\/ga-2100-9a9er-g-shock\/#primaryimage"},"image":{"@id":"https:\/\/oraarena.hu\/index.php\/termek\/ga-2100-9a9er-g-shock\/#primaryimage"},"thumbnailUrl":"https:\/\/oraarena.hu\/wp-content\/uploads\/2025\/09\/GA-2100-9A9ER__75053.jpg","datePublished":"2025-09-18T04:41:49+00:00","dateModified":"2025-09-18T10:46:50+00:00","breadcrumb":{"@id":"https:\/\/oraarena.hu\/index.php\/termek\/ga-2100-9a9er-g-shock\/#breadcrumb"},"inLanguage":"hu","potentialAction":[{"@type":"ReadAction","target":["https:\/\/oraarena.hu\/index.php\/termek\/ga-2100-9a9er-g-shock\/"]}]},{"@type":"ImageObject","inLanguage":"hu","@id":"https:\/\/oraarena.hu\/index.php\/termek\/ga-2100-9a9er-g-shock\/#primaryimage","url":"https:\/\/oraarena.hu\/wp-content\/uploads\/2025\/09\/GA-2100-9A9ER__75053.jpg","contentUrl":"https:\/\/oraarena.hu\/wp-content\/uploads\/2025\/09\/GA-2100-9A9ER__75053.jpg","width":1280,"height":1280},{"@type":"BreadcrumbList","@id":"https:\/\/oraarena.hu\/index.php\/termek\/ga-2100-9a9er-g-shock\/#breadcrumb","itemListElement":[{"@type":"ListItem","position":1,"name":"Kezd\u0151lap","item":"https:\/\/oraarena.hu\/"},{"@type":"ListItem","position":2,"name":"Shop","item":"https:\/\/oraarena.hu\/index.php\/uzlet\/"},{"@type":"ListItem","position":3,"name":"GA-2100-9A9ER G-SHOCK"}]},{"@type":"WebSite","@id":"https:\/\/oraarena.hu\/#website","url":"https:\/\/oraarena.hu\/","name":"\u00d3raAr\u00e9na.hu","description":"\u00d3raAar\u00e9na-Kar\u00f3r\u00e1k web\u00e1ruh\u00e1za \u2013 N\u0151i \u00e9s f\u00e9rfi \u00f3r\u00e1k","publisher":{"@id":"https:\/\/oraarena.hu\/#organization"},"alternateName":"\u00d3raAr\u00e9na","potentialAction":[{"@type":"SearchAction","target":{"@type":"EntryPoint","urlTemplate":"https:\/\/oraarena.hu\/?s={search_term_string}"},"query-input":{"@type":"PropertyValueSpecification","valueRequired":true,"valueName":"search_term_string"}}],"inLanguage":"hu"},{"@type":"Organization","@id":"https:\/\/oraarena.hu\/#organization","name":"\u00d3raAr\u00e9na.hu","url":"https:\/\/oraarena.hu\/","logo":{"@type":"ImageObject","inLanguage":"hu","@id":"https:\/\/oraarena.hu\/#\/schema\/logo\/image\/","url":"https:\/\/oraarena.hu\/wp-content\/uploads\/2025\/07\/logo_color.jpg","contentUrl":"https:\/\/oraarena.hu\/wp-content\/uploads\/2025\/07\/logo_color.jpg","width":744,"height":495,"caption":"\u00d3raAr\u00e9na.hu"},"image":{"@id":"https:\/\/oraarena.hu\/#\/schema\/logo\/image\/"}}]}},"_links":{"self":[{"href":"https:\/\/oraarena.hu\/index.php\/wp-json\/wp\/v2\/product\/503","targetHints":{"allow":["GET"]}}],"collection":[{"href":"https:\/\/oraarena.hu\/index.php\/wp-json\/wp\/v2\/product"}],"about":[{"href":"https:\/\/oraarena.hu\/index.php\/wp-json\/wp\/v2\/types\/product"}],"wp:featuredmedia":[{"embeddable":true,"href":"https:\/\/oraarena.hu\/index.php\/wp-json\/wp\/v2\/media\/504"}],"wp:attachment":[{"href":"https:\/\/oraarena.hu\/index.php\/wp-json\/wp\/v2\/media?parent=503"}],"wp:term":[{"taxonomy":"product_brand","embeddable":true,"href":"https:\/\/oraarena.hu\/index.php\/wp-json\/wp\/v2\/product_brand?post=503"},{"taxonomy":"product_cat","embeddable":true,"href":"https:\/\/oraarena.hu\/index.php\/wp-json\/wp\/v2\/product_cat?post=503"},{"taxonomy":"product_tag","embeddable":true,"href":"https:\/\/oraarena.hu\/index.php\/wp-json\/wp\/v2\/product_tag?post=503"}],"curies":[{"name":"wp","href":"https:\/\/api.w.org\/{rel}","templated":true}]}}