{"id":370,"date":"2025-08-17T20:04:44","date_gmt":"2025-08-17T18:04:44","guid":{"rendered":"https:\/\/oraarena.hu\/?post_type=product&#038;p=370"},"modified":"2025-09-18T12:47:46","modified_gmt":"2025-09-18T10:47:46","slug":"casio-ga-2100ff-8aer-g-shock","status":"publish","type":"product","link":"https:\/\/oraarena.hu\/index.php\/termek\/casio-ga-2100ff-8aer-g-shock\/","title":{"rendered":"Casio GA-2100FF-8AER G-SHOCK"},"content":{"rendered":"<p><strong>GA2100FF-8AER<\/strong><\/p>\n<p>&nbsp;<\/p>\n<p><strong>A teljes, f\u00e9nyes met\u00e1l-ez\u00fcst sz\u00edn domin\u00e1l\u00f3 megjelen\u00e9s igaz\u00e1n retro-futurista hangulatot kelt<\/strong><\/p>\n<p><strong>Jellemz\u0151 az oktagon\u00e1lis (nyolcsz\u00f6glet\u0171) tok, amely az ikonikus GA-2100 vonalon bel\u00fcl k\u00fcl\u00f6n\u00f6s karaktert k\u00f6lcs\u00f6n\u00f6z az \u00f3r\u00e1nak \u00a0\u00a0<\/strong><\/p>\n<p>&nbsp;<\/p>\n<p>Tok m\u00e9rete: 48,5 \u00d7 45,4 \u00d7 11,8 mm, t\u00f6mege: kb. 51 g<\/p>\n<p>\u00dcveg: \u00e1sv\u00e1nyi \u00fcveg, strapab\u00edr\u00f3 \u00e9s j\u00f3l l\u00e1that\u00f3<\/p>\n<p>V\u00edz\u00e1ll\u00f3s\u00e1g: 20 bar (kb. 200 m\u00e9ter) \u2013 \u00fasz\u00e1shoz, szabadv\u00edzi haszn\u00e1latra is alkalmas<\/p>\n<p>\u00dct\u00e9s\u00e1ll\u00f3 (Shock Resistant) kivitel \u2013 a G-Shock legend\u00e1s strapab\u00edr\u00e1s\u00e1val<\/p>\n<p>Carbon Core Guard konstrukci\u00f3 a stabilit\u00e1s \u00e9s \u00fct\u00e9sv\u00e9delem \u00e9rdek\u00e9ben \u00b7<\/p>\n<p>Vil\u00e1g\u00edt\u00e1si lehet\u0151s\u00e9gek: LED vil\u00e1g\u00edt\u00e1s, valamint Neo-display (f\u00e9nyben t\u00f6lt\u0151d\u0151 bevonat)<\/p>\n<p>Id\u0151z\u00f3na funkci\u00f3: 31 vil\u00e1gid\u0151z\u00f3na (48 v\u00e1ros + UTC), ny\u00e1ri\/standard id\u0151 be\u00e1ll\u00edt\u00e1sokkal<\/p>\n<p>Stopper (1\/100 mp-es pontoss\u00e1ggal, ak\u00e1r 24 \u00f3r\u00e1s m\u00e9r\u00e9sig); visszasz\u00e1ml\u00e1l\u00f3 id\u0151z\u00edt\u0151 \u2013 24 \u00f3r\u00e1ig; 5 napi riaszt\u00e1s; gombhang ki-be kapcsolhat\u00f3<\/p>\n<p>Hand Moving Function \u2013 a mutat\u00f3k mozgathat\u00f3k, hogy a digit\u00e1lis kijelz\u0151 akad\u00e1lytalanul olvashat\u00f3 legyen<\/p>\n<p>Automatikus napt\u00e1r (d\u00e1tum, nap, h\u00f3nap), 12\/24 \u00f3r\u00e1s form\u00e1tum kiv\u00e1laszt\u00e1si lehet\u0151s\u00e9g<\/p>\n<p>Perpetual Calendar \u2013 automatikusan kezeli a d\u00e1tumot ak\u00e1r 2099-ig (elt\u00e9rhet a r\u00e9gi\u00f3t\u00f3l f\u00fcgg\u0151en)<\/p>\n","protected":false},"excerpt":{"rendered":"<p>GA2100FF-8AER &nbsp; A teljes, f\u00e9nyes met\u00e1l-ez\u00fcst sz\u00edn domin\u00e1l\u00f3 megjelen\u00e9s igaz\u00e1n retro-futurista hangulatot kelt Jellemz\u0151 az oktagon\u00e1lis (nyolcsz\u00f6glet\u0171) tok, amely az ikonikus GA-2100 vonalon bel\u00fcl k\u00fcl\u00f6n\u00f6s karaktert k\u00f6lcs\u00f6n\u00f6z az \u00f3r\u00e1nak \u00a0\u00a0 &nbsp; Tok m\u00e9rete: 48,5 \u00d7 45,4 \u00d7 11,8 mm, t\u00f6mege: kb. 51 g \u00dcveg: \u00e1sv\u00e1nyi \u00fcveg, strapab\u00edr\u00f3 \u00e9s j\u00f3l l\u00e1that\u00f3 V\u00edz\u00e1ll\u00f3s\u00e1g: 20 bar (kb. 200 [&hellip;]<\/p>\n","protected":false},"featured_media":374,"template":"","meta":[],"product_brand":[27],"product_cat":[15,31,30,20],"product_tag":[],"class_list":{"0":"post-370","1":"product","2":"type-product","3":"status-publish","4":"has-post-thumbnail","6":"product_brand-casio","7":"product_cat-egyeb","8":"product_cat-ferfi-orak","9":"product_cat-noi-orak","10":"product_cat-orak","12":"first","13":"instock","14":"shipping-taxable","15":"purchasable","16":"product-type-simple"},"yoast_head":"<!-- This site is optimized with the Yoast SEO plugin v26.0 - https:\/\/yoast.com\/wordpress\/plugins\/seo\/ -->\n<title>Casio GA-2100FF-8AER G-SHOCK - \u00d3raAr\u00e9na.hu<\/title>\n<meta name=\"description\" content=\"Casio G-Shock kar\u00f3ra sportos \u00e9s eleg\u00e1ns st\u00edlusban. V\u00e1s\u00e1rold meg online kedvez\u0151 \u00e1ron, gyors \u00e9s ingyenes sz\u00e1ll\u00edt\u00e1ssal saj\u00e1t rakt\u00e1runkb\u00f3l az \u00f3r\u00e1k szak\u00e9rt\u0151 webshopj\u00e1b\u00f3l.\" \/>\n<meta name=\"robots\" content=\"index, follow, max-snippet:-1, max-image-preview:large, max-video-preview:-1\" \/>\n<link rel=\"canonical\" href=\"https:\/\/oraarena.hu\/index.php\/termek\/casio-ga-2100ff-8aer-g-shock\/\" \/>\n<meta property=\"og:locale\" content=\"hu_HU\" \/>\n<meta property=\"og:type\" content=\"article\" \/>\n<meta property=\"og:title\" content=\"Casio GA-2100FF-8AER G-SHOCK - \u00d3raAr\u00e9na.hu\" \/>\n<meta property=\"og:description\" content=\"Casio G-Shock kar\u00f3ra sportos \u00e9s eleg\u00e1ns st\u00edlusban. V\u00e1s\u00e1rold meg online kedvez\u0151 \u00e1ron, gyors \u00e9s ingyenes sz\u00e1ll\u00edt\u00e1ssal saj\u00e1t rakt\u00e1runkb\u00f3l az \u00f3r\u00e1k szak\u00e9rt\u0151 webshopj\u00e1b\u00f3l.\" \/>\n<meta property=\"og:url\" content=\"https:\/\/oraarena.hu\/index.php\/termek\/casio-ga-2100ff-8aer-g-shock\/\" \/>\n<meta property=\"og:site_name\" content=\"\u00d3raAr\u00e9na.hu\" \/>\n<meta property=\"article:modified_time\" content=\"2025-09-18T10:47:46+00:00\" \/>\n<meta property=\"og:image\" content=\"http:\/\/oraarena.hu\/wp-content\/uploads\/2025\/08\/ga-2100ff-8a-6.webp\" \/>\n\t<meta property=\"og:image:width\" content=\"1500\" \/>\n\t<meta property=\"og:image:height\" content=\"1500\" \/>\n\t<meta property=\"og:image:type\" content=\"image\/webp\" \/>\n<meta name=\"twitter:card\" content=\"summary_large_image\" \/>\n<meta name=\"twitter:label1\" content=\"Becs\u00fclt olvas\u00e1si id\u0151\" \/>\n\t<meta name=\"twitter:data1\" content=\"1 perc\" \/>\n<script type=\"application\/ld+json\" class=\"yoast-schema-graph\">{\"@context\":\"https:\/\/schema.org\",\"@graph\":[{\"@type\":\"WebPage\",\"@id\":\"https:\/\/oraarena.hu\/index.php\/termek\/casio-ga-2100ff-8aer-g-shock\/\",\"url\":\"https:\/\/oraarena.hu\/index.php\/termek\/casio-ga-2100ff-8aer-g-shock\/\",\"name\":\"Casio GA-2100FF-8AER G-SHOCK - \u00d3raAr\u00e9na.hu\",\"isPartOf\":{\"@id\":\"https:\/\/oraarena.hu\/#website\"},\"primaryImageOfPage\":{\"@id\":\"https:\/\/oraarena.hu\/index.php\/termek\/casio-ga-2100ff-8aer-g-shock\/#primaryimage\"},\"image\":{\"@id\":\"https:\/\/oraarena.hu\/index.php\/termek\/casio-ga-2100ff-8aer-g-shock\/#primaryimage\"},\"thumbnailUrl\":\"https:\/\/oraarena.hu\/wp-content\/uploads\/2025\/08\/ga-2100ff-8a-6.webp\",\"datePublished\":\"2025-08-17T18:04:44+00:00\",\"dateModified\":\"2025-09-18T10:47:46+00:00\",\"description\":\"Casio G-Shock kar\u00f3ra sportos \u00e9s eleg\u00e1ns st\u00edlusban. V\u00e1s\u00e1rold meg online kedvez\u0151 \u00e1ron, gyors \u00e9s ingyenes sz\u00e1ll\u00edt\u00e1ssal saj\u00e1t rakt\u00e1runkb\u00f3l az \u00f3r\u00e1k szak\u00e9rt\u0151 webshopj\u00e1b\u00f3l.\",\"breadcrumb\":{\"@id\":\"https:\/\/oraarena.hu\/index.php\/termek\/casio-ga-2100ff-8aer-g-shock\/#breadcrumb\"},\"inLanguage\":\"hu\",\"potentialAction\":[{\"@type\":\"ReadAction\",\"target\":[\"https:\/\/oraarena.hu\/index.php\/termek\/casio-ga-2100ff-8aer-g-shock\/\"]}]},{\"@type\":\"ImageObject\",\"inLanguage\":\"hu\",\"@id\":\"https:\/\/oraarena.hu\/index.php\/termek\/casio-ga-2100ff-8aer-g-shock\/#primaryimage\",\"url\":\"https:\/\/oraarena.hu\/wp-content\/uploads\/2025\/08\/ga-2100ff-8a-6.webp\",\"contentUrl\":\"https:\/\/oraarena.hu\/wp-content\/uploads\/2025\/08\/ga-2100ff-8a-6.webp\",\"width\":1500,\"height\":1500},{\"@type\":\"BreadcrumbList\",\"@id\":\"https:\/\/oraarena.hu\/index.php\/termek\/casio-ga-2100ff-8aer-g-shock\/#breadcrumb\",\"itemListElement\":[{\"@type\":\"ListItem\",\"position\":1,\"name\":\"Kezd\u0151lap\",\"item\":\"https:\/\/oraarena.hu\/\"},{\"@type\":\"ListItem\",\"position\":2,\"name\":\"Shop\",\"item\":\"https:\/\/oraarena.hu\/index.php\/uzlet\/\"},{\"@type\":\"ListItem\",\"position\":3,\"name\":\"Casio GA-2100FF-8AER G-SHOCK\"}]},{\"@type\":\"WebSite\",\"@id\":\"https:\/\/oraarena.hu\/#website\",\"url\":\"https:\/\/oraarena.hu\/\",\"name\":\"\u00d3raAr\u00e9na.hu\",\"description\":\"\u00d3raAar\u00e9na-Kar\u00f3r\u00e1k web\u00e1ruh\u00e1za \u2013 N\u0151i \u00e9s f\u00e9rfi \u00f3r\u00e1k\",\"publisher\":{\"@id\":\"https:\/\/oraarena.hu\/#organization\"},\"alternateName\":\"\u00d3raAr\u00e9na\",\"potentialAction\":[{\"@type\":\"SearchAction\",\"target\":{\"@type\":\"EntryPoint\",\"urlTemplate\":\"https:\/\/oraarena.hu\/?s={search_term_string}\"},\"query-input\":{\"@type\":\"PropertyValueSpecification\",\"valueRequired\":true,\"valueName\":\"search_term_string\"}}],\"inLanguage\":\"hu\"},{\"@type\":\"Organization\",\"@id\":\"https:\/\/oraarena.hu\/#organization\",\"name\":\"\u00d3raAr\u00e9na.hu\",\"url\":\"https:\/\/oraarena.hu\/\",\"logo\":{\"@type\":\"ImageObject\",\"inLanguage\":\"hu\",\"@id\":\"https:\/\/oraarena.hu\/#\/schema\/logo\/image\/\",\"url\":\"https:\/\/oraarena.hu\/wp-content\/uploads\/2025\/07\/logo_color.jpg\",\"contentUrl\":\"https:\/\/oraarena.hu\/wp-content\/uploads\/2025\/07\/logo_color.jpg\",\"width\":744,\"height\":495,\"caption\":\"\u00d3raAr\u00e9na.hu\"},\"image\":{\"@id\":\"https:\/\/oraarena.hu\/#\/schema\/logo\/image\/\"}}]}<\/script>\n<!-- \/ Yoast SEO plugin. -->","yoast_head_json":{"title":"Casio GA-2100FF-8AER G-SHOCK - \u00d3raAr\u00e9na.hu","description":"Casio G-Shock kar\u00f3ra sportos \u00e9s eleg\u00e1ns st\u00edlusban. V\u00e1s\u00e1rold meg online kedvez\u0151 \u00e1ron, gyors \u00e9s ingyenes sz\u00e1ll\u00edt\u00e1ssal saj\u00e1t rakt\u00e1runkb\u00f3l az \u00f3r\u00e1k szak\u00e9rt\u0151 webshopj\u00e1b\u00f3l.","robots":{"index":"index","follow":"follow","max-snippet":"max-snippet:-1","max-image-preview":"max-image-preview:large","max-video-preview":"max-video-preview:-1"},"canonical":"https:\/\/oraarena.hu\/index.php\/termek\/casio-ga-2100ff-8aer-g-shock\/","og_locale":"hu_HU","og_type":"article","og_title":"Casio GA-2100FF-8AER G-SHOCK - \u00d3raAr\u00e9na.hu","og_description":"Casio G-Shock kar\u00f3ra sportos \u00e9s eleg\u00e1ns st\u00edlusban. V\u00e1s\u00e1rold meg online kedvez\u0151 \u00e1ron, gyors \u00e9s ingyenes sz\u00e1ll\u00edt\u00e1ssal saj\u00e1t rakt\u00e1runkb\u00f3l az \u00f3r\u00e1k szak\u00e9rt\u0151 webshopj\u00e1b\u00f3l.","og_url":"https:\/\/oraarena.hu\/index.php\/termek\/casio-ga-2100ff-8aer-g-shock\/","og_site_name":"\u00d3raAr\u00e9na.hu","article_modified_time":"2025-09-18T10:47:46+00:00","og_image":[{"width":1500,"height":1500,"url":"http:\/\/oraarena.hu\/wp-content\/uploads\/2025\/08\/ga-2100ff-8a-6.webp","type":"image\/webp"}],"twitter_card":"summary_large_image","twitter_misc":{"Becs\u00fclt olvas\u00e1si id\u0151":"1 perc"},"schema":{"@context":"https:\/\/schema.org","@graph":[{"@type":"WebPage","@id":"https:\/\/oraarena.hu\/index.php\/termek\/casio-ga-2100ff-8aer-g-shock\/","url":"https:\/\/oraarena.hu\/index.php\/termek\/casio-ga-2100ff-8aer-g-shock\/","name":"Casio GA-2100FF-8AER G-SHOCK - \u00d3raAr\u00e9na.hu","isPartOf":{"@id":"https:\/\/oraarena.hu\/#website"},"primaryImageOfPage":{"@id":"https:\/\/oraarena.hu\/index.php\/termek\/casio-ga-2100ff-8aer-g-shock\/#primaryimage"},"image":{"@id":"https:\/\/oraarena.hu\/index.php\/termek\/casio-ga-2100ff-8aer-g-shock\/#primaryimage"},"thumbnailUrl":"https:\/\/oraarena.hu\/wp-content\/uploads\/2025\/08\/ga-2100ff-8a-6.webp","datePublished":"2025-08-17T18:04:44+00:00","dateModified":"2025-09-18T10:47:46+00:00","description":"Casio G-Shock kar\u00f3ra sportos \u00e9s eleg\u00e1ns st\u00edlusban. V\u00e1s\u00e1rold meg online kedvez\u0151 \u00e1ron, gyors \u00e9s ingyenes sz\u00e1ll\u00edt\u00e1ssal saj\u00e1t rakt\u00e1runkb\u00f3l az \u00f3r\u00e1k szak\u00e9rt\u0151 webshopj\u00e1b\u00f3l.","breadcrumb":{"@id":"https:\/\/oraarena.hu\/index.php\/termek\/casio-ga-2100ff-8aer-g-shock\/#breadcrumb"},"inLanguage":"hu","potentialAction":[{"@type":"ReadAction","target":["https:\/\/oraarena.hu\/index.php\/termek\/casio-ga-2100ff-8aer-g-shock\/"]}]},{"@type":"ImageObject","inLanguage":"hu","@id":"https:\/\/oraarena.hu\/index.php\/termek\/casio-ga-2100ff-8aer-g-shock\/#primaryimage","url":"https:\/\/oraarena.hu\/wp-content\/uploads\/2025\/08\/ga-2100ff-8a-6.webp","contentUrl":"https:\/\/oraarena.hu\/wp-content\/uploads\/2025\/08\/ga-2100ff-8a-6.webp","width":1500,"height":1500},{"@type":"BreadcrumbList","@id":"https:\/\/oraarena.hu\/index.php\/termek\/casio-ga-2100ff-8aer-g-shock\/#breadcrumb","itemListElement":[{"@type":"ListItem","position":1,"name":"Kezd\u0151lap","item":"https:\/\/oraarena.hu\/"},{"@type":"ListItem","position":2,"name":"Shop","item":"https:\/\/oraarena.hu\/index.php\/uzlet\/"},{"@type":"ListItem","position":3,"name":"Casio GA-2100FF-8AER G-SHOCK"}]},{"@type":"WebSite","@id":"https:\/\/oraarena.hu\/#website","url":"https:\/\/oraarena.hu\/","name":"\u00d3raAr\u00e9na.hu","description":"\u00d3raAar\u00e9na-Kar\u00f3r\u00e1k web\u00e1ruh\u00e1za \u2013 N\u0151i \u00e9s f\u00e9rfi \u00f3r\u00e1k","publisher":{"@id":"https:\/\/oraarena.hu\/#organization"},"alternateName":"\u00d3raAr\u00e9na","potentialAction":[{"@type":"SearchAction","target":{"@type":"EntryPoint","urlTemplate":"https:\/\/oraarena.hu\/?s={search_term_string}"},"query-input":{"@type":"PropertyValueSpecification","valueRequired":true,"valueName":"search_term_string"}}],"inLanguage":"hu"},{"@type":"Organization","@id":"https:\/\/oraarena.hu\/#organization","name":"\u00d3raAr\u00e9na.hu","url":"https:\/\/oraarena.hu\/","logo":{"@type":"ImageObject","inLanguage":"hu","@id":"https:\/\/oraarena.hu\/#\/schema\/logo\/image\/","url":"https:\/\/oraarena.hu\/wp-content\/uploads\/2025\/07\/logo_color.jpg","contentUrl":"https:\/\/oraarena.hu\/wp-content\/uploads\/2025\/07\/logo_color.jpg","width":744,"height":495,"caption":"\u00d3raAr\u00e9na.hu"},"image":{"@id":"https:\/\/oraarena.hu\/#\/schema\/logo\/image\/"}}]}},"_links":{"self":[{"href":"https:\/\/oraarena.hu\/index.php\/wp-json\/wp\/v2\/product\/370","targetHints":{"allow":["GET"]}}],"collection":[{"href":"https:\/\/oraarena.hu\/index.php\/wp-json\/wp\/v2\/product"}],"about":[{"href":"https:\/\/oraarena.hu\/index.php\/wp-json\/wp\/v2\/types\/product"}],"wp:featuredmedia":[{"embeddable":true,"href":"https:\/\/oraarena.hu\/index.php\/wp-json\/wp\/v2\/media\/374"}],"wp:attachment":[{"href":"https:\/\/oraarena.hu\/index.php\/wp-json\/wp\/v2\/media?parent=370"}],"wp:term":[{"taxonomy":"product_brand","embeddable":true,"href":"https:\/\/oraarena.hu\/index.php\/wp-json\/wp\/v2\/product_brand?post=370"},{"taxonomy":"product_cat","embeddable":true,"href":"https:\/\/oraarena.hu\/index.php\/wp-json\/wp\/v2\/product_cat?post=370"},{"taxonomy":"product_tag","embeddable":true,"href":"https:\/\/oraarena.hu\/index.php\/wp-json\/wp\/v2\/product_tag?post=370"}],"curies":[{"name":"wp","href":"https:\/\/api.w.org\/{rel}","templated":true}]}}