{"id":339,"date":"2025-08-08T21:15:56","date_gmt":"2025-08-08T19:15:56","guid":{"rendered":"https:\/\/oraarena.hu\/?post_type=product&#038;p=339"},"modified":"2025-09-18T08:07:52","modified_gmt":"2025-09-18T06:07:52","slug":"casio-g-shock-karora-ora-webshop-4","status":"publish","type":"product","link":"https:\/\/oraarena.hu\/index.php\/termek\/casio-g-shock-karora-ora-webshop-4\/","title":{"rendered":"Casio GA-100B-7AER G-SHOCK"},"content":{"rendered":"<ul>\n<li><strong>Modell<\/strong>: GA\u2011100B\u20117AER \u2013 feh\u00e9r tok \u00e9s sz\u00edj, fekete sz\u00e1mlap kialak\u00edt\u00e1ssal<\/li>\n<li><strong>Tok\u00e1tm\u00e9r\u0151<\/strong>: 51,2\u202fmm, vastags\u00e1g: 16,9\u202fmm; az id\u0151t\u00e1ll\u00f3, \u00fct\u00e9s\u00e1ll\u00f3 tok 55\u202f\u00d7\u202f51,2\u202f\u00d7\u202f16,9\u202fmm m\u00e9ret\u0171<\/li>\n<li><strong>S\u00faly<\/strong>: kb. 70 g, k\u00e9nyelmes visel\u00e9s minden napra<\/li>\n<li><strong>Viszonylag k\u00f6nny\u0171, m\u00e9gis rendk\u00edv\u00fcl strapab\u00edr\u00f3<\/strong>: m\u0171anyag tok \u00e9s sz\u00edj<\/li>\n<li><strong>V\u00edz\u00e1ll\u00f3s\u00e1g<\/strong>: 20 ATM (200\u202fm), \u00edgy \u00fasz\u00e1shoz, v\u00edzi sportokhoz, s\u0151t k\u00f6nny\u0171b\u00fav\u00e1rkod\u00e1shoz is megfelel<\/li>\n<li><strong>Kombin\u00e1lt kijelz\u00e9s<\/strong>: anal\u00f3g mutat\u00f3k \u00e9s digit\u00e1lis modul \u2013 mutatja az id\u0151t, d\u00e1tumot, nap nev\u00e9t (angol nyelv\u0171 r\u00f6vid\u00edt\u00e9ssel) \u00e9s m\u00e1sodpercmutat\u00f3t<\/li>\n<li><strong>Stopper\u00f3ra<\/strong>: ultrapontos 1\/1000 m\u00e1sodperces, max. 100 \u00f3r\u00e1s id\u0151m\u00e9r\u00e9s, split\/lap funkci\u00f3val<\/li>\n<li><strong>Visszasz\u00e1ml\u00e1l\u00f3<\/strong>: ism\u00e9tl\u0151 funkci\u00f3val<\/li>\n<li><strong>Vil\u00e1gid\u0151<\/strong>: t\u00f6bb id\u0151z\u00f3na kezel\u00e9se, ide\u00e1lis utaz\u00e1shoz<\/li>\n<li><strong>\u00c9breszt\u00e9sek<\/strong>: ak\u00e1r 5 k\u00fcl\u00f6n\u00e1ll\u00f3 napi alarm \u00e1ll\u00edthat\u00f3 be<\/li>\n<li><strong>Vil\u00e1g\u00edt\u00e1s<\/strong>: automatikus LED h\u00e1tt\u00e9rvil\u00e1g\u00edt\u00e1s (Auto-LED), amely m\u0171k\u00f6d\u00e9sbe l\u00e9p, ha az \u00f3r\u00e1t magad fel\u00e9 ford\u00edtod<\/li>\n<\/ul>\n","protected":false},"excerpt":{"rendered":"<p>A <strong>Casio G\u2011Shock GA\u2011100B\u20117AER<\/strong> egy strapab\u00edr\u00f3, v\u00edz\u00e1ll\u00f3 \u00e9s funkci\u00f3kban gazdag sport\u00f3ra, amely j\u00f3l \u00f6tv\u00f6zi az anal\u00f3g \u00e9s digit\u00e1lis vil\u00e1gokat. Feh\u00e9r kivitelben mutat\u00f3s, m\u00e9gis praktikus, funkcion\u00e1lis darab, ide\u00e1lis akt\u00edv \u00e9letm\u00f3dhoz \u00e9s st\u00edlusos h\u00e9tk\u00f6znapokhoz.<\/p>\n","protected":false},"featured_media":340,"template":"","meta":[],"product_brand":[27],"product_cat":[15,31,20],"product_tag":[],"class_list":{"0":"post-339","1":"product","2":"type-product","3":"status-publish","4":"has-post-thumbnail","6":"product_brand-casio","7":"product_cat-egyeb","8":"product_cat-ferfi-orak","9":"product_cat-orak","11":"first","12":"instock","13":"shipping-taxable","14":"purchasable","15":"product-type-simple"},"yoast_head":"<!-- This site is optimized with the Yoast SEO plugin v26.0 - https:\/\/yoast.com\/wordpress\/plugins\/seo\/ -->\n<title>Casio GA-100B-7AER G-SHOCK - \u00d3raAr\u00e9na.hu<\/title>\n<meta name=\"description\" content=\"Casio G-Shock kar\u00f3ra sportos \u00e9s eleg\u00e1ns st\u00edlusban. V\u00e1s\u00e1rold meg online kedvez\u0151 \u00e1ron, gyors \u00e9s ingyenes sz\u00e1ll\u00edt\u00e1ssal saj\u00e1t rakt\u00e1runkb\u00f3l az \u00f3r\u00e1k szak\u00e9rt\u0151 webshopj\u00e1b\u00f3l.\" \/>\n<meta name=\"robots\" content=\"index, follow, max-snippet:-1, max-image-preview:large, max-video-preview:-1\" \/>\n<link rel=\"canonical\" href=\"https:\/\/oraarena.hu\/index.php\/termek\/casio-g-shock-karora-ora-webshop-4\/\" \/>\n<meta property=\"og:locale\" content=\"hu_HU\" \/>\n<meta property=\"og:type\" content=\"article\" \/>\n<meta property=\"og:title\" content=\"Casio GA-100B-7AER G-SHOCK - \u00d3raAr\u00e9na.hu\" \/>\n<meta property=\"og:description\" content=\"Casio G-Shock kar\u00f3ra sportos \u00e9s eleg\u00e1ns st\u00edlusban. V\u00e1s\u00e1rold meg online kedvez\u0151 \u00e1ron, gyors \u00e9s ingyenes sz\u00e1ll\u00edt\u00e1ssal saj\u00e1t rakt\u00e1runkb\u00f3l az \u00f3r\u00e1k szak\u00e9rt\u0151 webshopj\u00e1b\u00f3l.\" \/>\n<meta property=\"og:url\" content=\"https:\/\/oraarena.hu\/index.php\/termek\/casio-g-shock-karora-ora-webshop-4\/\" \/>\n<meta property=\"og:site_name\" content=\"\u00d3raAr\u00e9na.hu\" \/>\n<meta property=\"article:modified_time\" content=\"2025-09-18T06:07:52+00:00\" \/>\n<meta property=\"og:image\" content=\"http:\/\/oraarena.hu\/wp-content\/uploads\/2025\/08\/GA_100B_7AER__91181.1479124129.1280.1280__72574.jpg\" \/>\n\t<meta property=\"og:image:width\" content=\"1280\" \/>\n\t<meta property=\"og:image:height\" content=\"1280\" \/>\n\t<meta property=\"og:image:type\" content=\"image\/jpeg\" \/>\n<meta name=\"twitter:card\" content=\"summary_large_image\" \/>\n<meta name=\"twitter:label1\" content=\"Becs\u00fclt olvas\u00e1si id\u0151\" \/>\n\t<meta name=\"twitter:data1\" content=\"1 perc\" \/>\n<script type=\"application\/ld+json\" class=\"yoast-schema-graph\">{\"@context\":\"https:\/\/schema.org\",\"@graph\":[{\"@type\":\"WebPage\",\"@id\":\"https:\/\/oraarena.hu\/index.php\/termek\/casio-g-shock-karora-ora-webshop-4\/\",\"url\":\"https:\/\/oraarena.hu\/index.php\/termek\/casio-g-shock-karora-ora-webshop-4\/\",\"name\":\"Casio GA-100B-7AER G-SHOCK - \u00d3raAr\u00e9na.hu\",\"isPartOf\":{\"@id\":\"https:\/\/oraarena.hu\/#website\"},\"primaryImageOfPage\":{\"@id\":\"https:\/\/oraarena.hu\/index.php\/termek\/casio-g-shock-karora-ora-webshop-4\/#primaryimage\"},\"image\":{\"@id\":\"https:\/\/oraarena.hu\/index.php\/termek\/casio-g-shock-karora-ora-webshop-4\/#primaryimage\"},\"thumbnailUrl\":\"https:\/\/oraarena.hu\/wp-content\/uploads\/2025\/08\/GA_100B_7AER__91181.1479124129.1280.1280__72574.jpg\",\"datePublished\":\"2025-08-08T19:15:56+00:00\",\"dateModified\":\"2025-09-18T06:07:52+00:00\",\"description\":\"Casio G-Shock kar\u00f3ra sportos \u00e9s eleg\u00e1ns st\u00edlusban. V\u00e1s\u00e1rold meg online kedvez\u0151 \u00e1ron, gyors \u00e9s ingyenes sz\u00e1ll\u00edt\u00e1ssal saj\u00e1t rakt\u00e1runkb\u00f3l az \u00f3r\u00e1k szak\u00e9rt\u0151 webshopj\u00e1b\u00f3l.\",\"breadcrumb\":{\"@id\":\"https:\/\/oraarena.hu\/index.php\/termek\/casio-g-shock-karora-ora-webshop-4\/#breadcrumb\"},\"inLanguage\":\"hu\",\"potentialAction\":[{\"@type\":\"ReadAction\",\"target\":[\"https:\/\/oraarena.hu\/index.php\/termek\/casio-g-shock-karora-ora-webshop-4\/\"]}]},{\"@type\":\"ImageObject\",\"inLanguage\":\"hu\",\"@id\":\"https:\/\/oraarena.hu\/index.php\/termek\/casio-g-shock-karora-ora-webshop-4\/#primaryimage\",\"url\":\"https:\/\/oraarena.hu\/wp-content\/uploads\/2025\/08\/GA_100B_7AER__91181.1479124129.1280.1280__72574.jpg\",\"contentUrl\":\"https:\/\/oraarena.hu\/wp-content\/uploads\/2025\/08\/GA_100B_7AER__91181.1479124129.1280.1280__72574.jpg\",\"width\":1280,\"height\":1280},{\"@type\":\"BreadcrumbList\",\"@id\":\"https:\/\/oraarena.hu\/index.php\/termek\/casio-g-shock-karora-ora-webshop-4\/#breadcrumb\",\"itemListElement\":[{\"@type\":\"ListItem\",\"position\":1,\"name\":\"Kezd\u0151lap\",\"item\":\"https:\/\/oraarena.hu\/\"},{\"@type\":\"ListItem\",\"position\":2,\"name\":\"Shop\",\"item\":\"https:\/\/oraarena.hu\/index.php\/uzlet\/\"},{\"@type\":\"ListItem\",\"position\":3,\"name\":\"Casio GA-100B-7AER G-SHOCK\"}]},{\"@type\":\"WebSite\",\"@id\":\"https:\/\/oraarena.hu\/#website\",\"url\":\"https:\/\/oraarena.hu\/\",\"name\":\"\u00d3raAr\u00e9na.hu\",\"description\":\"\u00d3raAar\u00e9na-Kar\u00f3r\u00e1k web\u00e1ruh\u00e1za \u2013 N\u0151i \u00e9s f\u00e9rfi \u00f3r\u00e1k\",\"publisher\":{\"@id\":\"https:\/\/oraarena.hu\/#organization\"},\"alternateName\":\"\u00d3raAr\u00e9na\",\"potentialAction\":[{\"@type\":\"SearchAction\",\"target\":{\"@type\":\"EntryPoint\",\"urlTemplate\":\"https:\/\/oraarena.hu\/?s={search_term_string}\"},\"query-input\":{\"@type\":\"PropertyValueSpecification\",\"valueRequired\":true,\"valueName\":\"search_term_string\"}}],\"inLanguage\":\"hu\"},{\"@type\":\"Organization\",\"@id\":\"https:\/\/oraarena.hu\/#organization\",\"name\":\"\u00d3raAr\u00e9na.hu\",\"url\":\"https:\/\/oraarena.hu\/\",\"logo\":{\"@type\":\"ImageObject\",\"inLanguage\":\"hu\",\"@id\":\"https:\/\/oraarena.hu\/#\/schema\/logo\/image\/\",\"url\":\"https:\/\/oraarena.hu\/wp-content\/uploads\/2025\/07\/logo_color.jpg\",\"contentUrl\":\"https:\/\/oraarena.hu\/wp-content\/uploads\/2025\/07\/logo_color.jpg\",\"width\":744,\"height\":495,\"caption\":\"\u00d3raAr\u00e9na.hu\"},\"image\":{\"@id\":\"https:\/\/oraarena.hu\/#\/schema\/logo\/image\/\"}}]}<\/script>\n<!-- \/ Yoast SEO plugin. -->","yoast_head_json":{"title":"Casio GA-100B-7AER G-SHOCK - \u00d3raAr\u00e9na.hu","description":"Casio G-Shock kar\u00f3ra sportos \u00e9s eleg\u00e1ns st\u00edlusban. V\u00e1s\u00e1rold meg online kedvez\u0151 \u00e1ron, gyors \u00e9s ingyenes sz\u00e1ll\u00edt\u00e1ssal saj\u00e1t rakt\u00e1runkb\u00f3l az \u00f3r\u00e1k szak\u00e9rt\u0151 webshopj\u00e1b\u00f3l.","robots":{"index":"index","follow":"follow","max-snippet":"max-snippet:-1","max-image-preview":"max-image-preview:large","max-video-preview":"max-video-preview:-1"},"canonical":"https:\/\/oraarena.hu\/index.php\/termek\/casio-g-shock-karora-ora-webshop-4\/","og_locale":"hu_HU","og_type":"article","og_title":"Casio GA-100B-7AER G-SHOCK - \u00d3raAr\u00e9na.hu","og_description":"Casio G-Shock kar\u00f3ra sportos \u00e9s eleg\u00e1ns st\u00edlusban. V\u00e1s\u00e1rold meg online kedvez\u0151 \u00e1ron, gyors \u00e9s ingyenes sz\u00e1ll\u00edt\u00e1ssal saj\u00e1t rakt\u00e1runkb\u00f3l az \u00f3r\u00e1k szak\u00e9rt\u0151 webshopj\u00e1b\u00f3l.","og_url":"https:\/\/oraarena.hu\/index.php\/termek\/casio-g-shock-karora-ora-webshop-4\/","og_site_name":"\u00d3raAr\u00e9na.hu","article_modified_time":"2025-09-18T06:07:52+00:00","og_image":[{"width":1280,"height":1280,"url":"http:\/\/oraarena.hu\/wp-content\/uploads\/2025\/08\/GA_100B_7AER__91181.1479124129.1280.1280__72574.jpg","type":"image\/jpeg"}],"twitter_card":"summary_large_image","twitter_misc":{"Becs\u00fclt olvas\u00e1si id\u0151":"1 perc"},"schema":{"@context":"https:\/\/schema.org","@graph":[{"@type":"WebPage","@id":"https:\/\/oraarena.hu\/index.php\/termek\/casio-g-shock-karora-ora-webshop-4\/","url":"https:\/\/oraarena.hu\/index.php\/termek\/casio-g-shock-karora-ora-webshop-4\/","name":"Casio GA-100B-7AER G-SHOCK - \u00d3raAr\u00e9na.hu","isPartOf":{"@id":"https:\/\/oraarena.hu\/#website"},"primaryImageOfPage":{"@id":"https:\/\/oraarena.hu\/index.php\/termek\/casio-g-shock-karora-ora-webshop-4\/#primaryimage"},"image":{"@id":"https:\/\/oraarena.hu\/index.php\/termek\/casio-g-shock-karora-ora-webshop-4\/#primaryimage"},"thumbnailUrl":"https:\/\/oraarena.hu\/wp-content\/uploads\/2025\/08\/GA_100B_7AER__91181.1479124129.1280.1280__72574.jpg","datePublished":"2025-08-08T19:15:56+00:00","dateModified":"2025-09-18T06:07:52+00:00","description":"Casio G-Shock kar\u00f3ra sportos \u00e9s eleg\u00e1ns st\u00edlusban. V\u00e1s\u00e1rold meg online kedvez\u0151 \u00e1ron, gyors \u00e9s ingyenes sz\u00e1ll\u00edt\u00e1ssal saj\u00e1t rakt\u00e1runkb\u00f3l az \u00f3r\u00e1k szak\u00e9rt\u0151 webshopj\u00e1b\u00f3l.","breadcrumb":{"@id":"https:\/\/oraarena.hu\/index.php\/termek\/casio-g-shock-karora-ora-webshop-4\/#breadcrumb"},"inLanguage":"hu","potentialAction":[{"@type":"ReadAction","target":["https:\/\/oraarena.hu\/index.php\/termek\/casio-g-shock-karora-ora-webshop-4\/"]}]},{"@type":"ImageObject","inLanguage":"hu","@id":"https:\/\/oraarena.hu\/index.php\/termek\/casio-g-shock-karora-ora-webshop-4\/#primaryimage","url":"https:\/\/oraarena.hu\/wp-content\/uploads\/2025\/08\/GA_100B_7AER__91181.1479124129.1280.1280__72574.jpg","contentUrl":"https:\/\/oraarena.hu\/wp-content\/uploads\/2025\/08\/GA_100B_7AER__91181.1479124129.1280.1280__72574.jpg","width":1280,"height":1280},{"@type":"BreadcrumbList","@id":"https:\/\/oraarena.hu\/index.php\/termek\/casio-g-shock-karora-ora-webshop-4\/#breadcrumb","itemListElement":[{"@type":"ListItem","position":1,"name":"Kezd\u0151lap","item":"https:\/\/oraarena.hu\/"},{"@type":"ListItem","position":2,"name":"Shop","item":"https:\/\/oraarena.hu\/index.php\/uzlet\/"},{"@type":"ListItem","position":3,"name":"Casio GA-100B-7AER G-SHOCK"}]},{"@type":"WebSite","@id":"https:\/\/oraarena.hu\/#website","url":"https:\/\/oraarena.hu\/","name":"\u00d3raAr\u00e9na.hu","description":"\u00d3raAar\u00e9na-Kar\u00f3r\u00e1k web\u00e1ruh\u00e1za \u2013 N\u0151i \u00e9s f\u00e9rfi \u00f3r\u00e1k","publisher":{"@id":"https:\/\/oraarena.hu\/#organization"},"alternateName":"\u00d3raAr\u00e9na","potentialAction":[{"@type":"SearchAction","target":{"@type":"EntryPoint","urlTemplate":"https:\/\/oraarena.hu\/?s={search_term_string}"},"query-input":{"@type":"PropertyValueSpecification","valueRequired":true,"valueName":"search_term_string"}}],"inLanguage":"hu"},{"@type":"Organization","@id":"https:\/\/oraarena.hu\/#organization","name":"\u00d3raAr\u00e9na.hu","url":"https:\/\/oraarena.hu\/","logo":{"@type":"ImageObject","inLanguage":"hu","@id":"https:\/\/oraarena.hu\/#\/schema\/logo\/image\/","url":"https:\/\/oraarena.hu\/wp-content\/uploads\/2025\/07\/logo_color.jpg","contentUrl":"https:\/\/oraarena.hu\/wp-content\/uploads\/2025\/07\/logo_color.jpg","width":744,"height":495,"caption":"\u00d3raAr\u00e9na.hu"},"image":{"@id":"https:\/\/oraarena.hu\/#\/schema\/logo\/image\/"}}]}},"_links":{"self":[{"href":"https:\/\/oraarena.hu\/index.php\/wp-json\/wp\/v2\/product\/339","targetHints":{"allow":["GET"]}}],"collection":[{"href":"https:\/\/oraarena.hu\/index.php\/wp-json\/wp\/v2\/product"}],"about":[{"href":"https:\/\/oraarena.hu\/index.php\/wp-json\/wp\/v2\/types\/product"}],"wp:featuredmedia":[{"embeddable":true,"href":"https:\/\/oraarena.hu\/index.php\/wp-json\/wp\/v2\/media\/340"}],"wp:attachment":[{"href":"https:\/\/oraarena.hu\/index.php\/wp-json\/wp\/v2\/media?parent=339"}],"wp:term":[{"taxonomy":"product_brand","embeddable":true,"href":"https:\/\/oraarena.hu\/index.php\/wp-json\/wp\/v2\/product_brand?post=339"},{"taxonomy":"product_cat","embeddable":true,"href":"https:\/\/oraarena.hu\/index.php\/wp-json\/wp\/v2\/product_cat?post=339"},{"taxonomy":"product_tag","embeddable":true,"href":"https:\/\/oraarena.hu\/index.php\/wp-json\/wp\/v2\/product_tag?post=339"}],"curies":[{"name":"wp","href":"https:\/\/api.w.org\/{rel}","templated":true}]}}