{"id":260,"date":"2025-07-24T18:35:13","date_gmt":"2025-07-24T16:35:13","guid":{"rendered":"https:\/\/oraarena.hu\/?post_type=product&#038;p=260"},"modified":"2025-08-29T17:29:27","modified_gmt":"2025-08-29T15:29:27","slug":"naviforce-noi-karora-ora-webshop-2","status":"publish","type":"product","link":"https:\/\/oraarena.hu\/index.php\/termek\/naviforce-noi-karora-ora-webshop-2\/","title":{"rendered":"NaviForce NF5048-1"},"content":{"rendered":"<p><strong>Szerkezet:<\/strong> SEIKO Y121F1 Quartz<\/p>\n<p><strong>V\u00edz\u00e1ll\u00f3s\u00e1g:<\/strong> 3ATM<\/p>\n<p><strong>Anyaga:<\/strong> Rozsdamentes ac\u00e9l, edzett krist\u00e1ly\u00fcveg<\/p>\n<p><strong>Tok \u00e1tm\u00e9r\u0151:<\/strong> 26mm<\/p>\n<p><strong>Sz\u00edj anyaga:<\/strong> Rozsdamentes ac\u00e9l<\/p>\n<p><strong>Sz\u00edj sz\u00e9less\u00e9ge:<\/strong> 16mm<\/p>\n<p><strong>Sz\u00edj hossza:<\/strong> 22cm<\/p>\n<p><strong>S\u00faly (gramm):<\/strong> 57g<a href=\"http:\/\/oraarena.hu\/wp-content\/uploads\/2025\/07\/IMG_8071.tif\"><img decoding=\"async\" class=\"alignnone size-full wp-image-261\" src=\"http:\/\/oraarena.hu\/wp-content\/uploads\/2025\/07\/IMG_8071.tif\" alt=\"\" \/><\/a> <a href=\"http:\/\/oraarena.hu\/wp-content\/uploads\/2025\/07\/IMG_8482.tif\"><img loading=\"lazy\" decoding=\"async\" class=\"alignnone size-medium wp-image-262\" src=\"http:\/\/oraarena.hu\/wp-content\/uploads\/2025\/07\/IMG_8482.tif\" alt=\"\" width=\"1\" height=\"1\" \/><\/a><\/p>\n","protected":false},"excerpt":{"rendered":"<p>Szerkezet: SEIKO Y121F1 Quartz V\u00edz\u00e1ll\u00f3s\u00e1g: 3ATM Anyaga: Rozsdamentes ac\u00e9l, edzett krist\u00e1ly\u00fcveg Tok \u00e1tm\u00e9r\u0151: 26mm Sz\u00edj anyaga: Rozsdamentes ac\u00e9l Sz\u00edj sz\u00e9less\u00e9ge: 16mm Sz\u00edj hossza: 22cm S\u00faly (gramm): 57g<\/p>\n","protected":false},"featured_media":268,"template":"","meta":[],"product_brand":[24],"product_cat":[15,30,20],"product_tag":[],"class_list":{"0":"post-260","1":"product","2":"type-product","3":"status-publish","4":"has-post-thumbnail","6":"product_brand-naviforce","7":"product_cat-egyeb","8":"product_cat-noi-orak","9":"product_cat-orak","11":"first","12":"instock","13":"sale","14":"shipping-taxable","15":"purchasable","16":"product-type-simple"},"yoast_head":"<!-- This site is optimized with the Yoast SEO plugin v26.0 - https:\/\/yoast.com\/wordpress\/plugins\/seo\/ -->\n<title>NaviForce NF5048-1 - \u00d3raAr\u00e9na.hu<\/title>\n<meta name=\"description\" content=\"Naviforce n\u0151i kar\u00f3ra sportos \u00e9s eleg\u00e1ns st\u00edlusban. V\u00e1s\u00e1rold meg online kedvez\u0151 \u00e1ron, gyors \u00e9s ingyenes sz\u00e1ll\u00edt\u00e1ssal saj\u00e1t rakt\u00e1runkb\u00f3l az \u00f3r\u00e1k szak\u00e9rt\u0151 webshopj\u00e1b\u00f3l.\" \/>\n<meta name=\"robots\" content=\"index, follow, max-snippet:-1, max-image-preview:large, max-video-preview:-1\" \/>\n<link rel=\"canonical\" href=\"https:\/\/oraarena.hu\/index.php\/termek\/naviforce-noi-karora-ora-webshop-2\/\" \/>\n<meta property=\"og:locale\" content=\"hu_HU\" \/>\n<meta property=\"og:type\" content=\"article\" \/>\n<meta property=\"og:title\" content=\"NaviForce NF5048-1 - \u00d3raAr\u00e9na.hu\" \/>\n<meta property=\"og:description\" content=\"Naviforce n\u0151i kar\u00f3ra sportos \u00e9s eleg\u00e1ns st\u00edlusban. V\u00e1s\u00e1rold meg online kedvez\u0151 \u00e1ron, gyors \u00e9s ingyenes sz\u00e1ll\u00edt\u00e1ssal saj\u00e1t rakt\u00e1runkb\u00f3l az \u00f3r\u00e1k szak\u00e9rt\u0151 webshopj\u00e1b\u00f3l.\" \/>\n<meta property=\"og:url\" content=\"https:\/\/oraarena.hu\/index.php\/termek\/naviforce-noi-karora-ora-webshop-2\/\" \/>\n<meta property=\"og:site_name\" content=\"\u00d3raAr\u00e9na.hu\" \/>\n<meta property=\"article:modified_time\" content=\"2025-08-29T15:29:27+00:00\" \/>\n<meta property=\"og:image\" content=\"https:\/\/oraarena.hu\/wp-content\/uploads\/2025\/07\/IMG_8071.jpg\" \/>\n\t<meta property=\"og:image:width\" content=\"1600\" \/>\n\t<meta property=\"og:image:height\" content=\"1600\" \/>\n\t<meta property=\"og:image:type\" content=\"image\/jpeg\" \/>\n<meta name=\"twitter:card\" content=\"summary_large_image\" \/>\n<meta name=\"twitter:label1\" content=\"Becs\u00fclt olvas\u00e1si id\u0151\" \/>\n\t<meta name=\"twitter:data1\" content=\"1 perc\" \/>\n<script type=\"application\/ld+json\" class=\"yoast-schema-graph\">{\"@context\":\"https:\/\/schema.org\",\"@graph\":[{\"@type\":\"WebPage\",\"@id\":\"https:\/\/oraarena.hu\/index.php\/termek\/naviforce-noi-karora-ora-webshop-2\/\",\"url\":\"https:\/\/oraarena.hu\/index.php\/termek\/naviforce-noi-karora-ora-webshop-2\/\",\"name\":\"NaviForce NF5048-1 - \u00d3raAr\u00e9na.hu\",\"isPartOf\":{\"@id\":\"https:\/\/oraarena.hu\/#website\"},\"primaryImageOfPage\":{\"@id\":\"https:\/\/oraarena.hu\/index.php\/termek\/naviforce-noi-karora-ora-webshop-2\/#primaryimage\"},\"image\":{\"@id\":\"https:\/\/oraarena.hu\/index.php\/termek\/naviforce-noi-karora-ora-webshop-2\/#primaryimage\"},\"thumbnailUrl\":\"https:\/\/oraarena.hu\/wp-content\/uploads\/2025\/07\/IMG_8071.jpg\",\"datePublished\":\"2025-07-24T16:35:13+00:00\",\"dateModified\":\"2025-08-29T15:29:27+00:00\",\"description\":\"Naviforce n\u0151i kar\u00f3ra sportos \u00e9s eleg\u00e1ns st\u00edlusban. V\u00e1s\u00e1rold meg online kedvez\u0151 \u00e1ron, gyors \u00e9s ingyenes sz\u00e1ll\u00edt\u00e1ssal saj\u00e1t rakt\u00e1runkb\u00f3l az \u00f3r\u00e1k szak\u00e9rt\u0151 webshopj\u00e1b\u00f3l.\",\"breadcrumb\":{\"@id\":\"https:\/\/oraarena.hu\/index.php\/termek\/naviforce-noi-karora-ora-webshop-2\/#breadcrumb\"},\"inLanguage\":\"hu\",\"potentialAction\":[{\"@type\":\"ReadAction\",\"target\":[\"https:\/\/oraarena.hu\/index.php\/termek\/naviforce-noi-karora-ora-webshop-2\/\"]}]},{\"@type\":\"ImageObject\",\"inLanguage\":\"hu\",\"@id\":\"https:\/\/oraarena.hu\/index.php\/termek\/naviforce-noi-karora-ora-webshop-2\/#primaryimage\",\"url\":\"https:\/\/oraarena.hu\/wp-content\/uploads\/2025\/07\/IMG_8071.jpg\",\"contentUrl\":\"https:\/\/oraarena.hu\/wp-content\/uploads\/2025\/07\/IMG_8071.jpg\",\"width\":1600,\"height\":1600},{\"@type\":\"BreadcrumbList\",\"@id\":\"https:\/\/oraarena.hu\/index.php\/termek\/naviforce-noi-karora-ora-webshop-2\/#breadcrumb\",\"itemListElement\":[{\"@type\":\"ListItem\",\"position\":1,\"name\":\"Kezd\u0151lap\",\"item\":\"https:\/\/oraarena.hu\/\"},{\"@type\":\"ListItem\",\"position\":2,\"name\":\"Shop\",\"item\":\"https:\/\/oraarena.hu\/index.php\/uzlet\/\"},{\"@type\":\"ListItem\",\"position\":3,\"name\":\"NaviForce NF5048-1\"}]},{\"@type\":\"WebSite\",\"@id\":\"https:\/\/oraarena.hu\/#website\",\"url\":\"https:\/\/oraarena.hu\/\",\"name\":\"\u00d3raAr\u00e9na.hu\",\"description\":\"\u00d3raAar\u00e9na-Kar\u00f3r\u00e1k web\u00e1ruh\u00e1za \u2013 N\u0151i \u00e9s f\u00e9rfi \u00f3r\u00e1k\",\"publisher\":{\"@id\":\"https:\/\/oraarena.hu\/#organization\"},\"alternateName\":\"\u00d3raAr\u00e9na\",\"potentialAction\":[{\"@type\":\"SearchAction\",\"target\":{\"@type\":\"EntryPoint\",\"urlTemplate\":\"https:\/\/oraarena.hu\/?s={search_term_string}\"},\"query-input\":{\"@type\":\"PropertyValueSpecification\",\"valueRequired\":true,\"valueName\":\"search_term_string\"}}],\"inLanguage\":\"hu\"},{\"@type\":\"Organization\",\"@id\":\"https:\/\/oraarena.hu\/#organization\",\"name\":\"\u00d3raAr\u00e9na.hu\",\"url\":\"https:\/\/oraarena.hu\/\",\"logo\":{\"@type\":\"ImageObject\",\"inLanguage\":\"hu\",\"@id\":\"https:\/\/oraarena.hu\/#\/schema\/logo\/image\/\",\"url\":\"https:\/\/oraarena.hu\/wp-content\/uploads\/2025\/07\/logo_color.jpg\",\"contentUrl\":\"https:\/\/oraarena.hu\/wp-content\/uploads\/2025\/07\/logo_color.jpg\",\"width\":744,\"height\":495,\"caption\":\"\u00d3raAr\u00e9na.hu\"},\"image\":{\"@id\":\"https:\/\/oraarena.hu\/#\/schema\/logo\/image\/\"}}]}<\/script>\n<!-- \/ Yoast SEO plugin. -->","yoast_head_json":{"title":"NaviForce NF5048-1 - \u00d3raAr\u00e9na.hu","description":"Naviforce n\u0151i kar\u00f3ra sportos \u00e9s eleg\u00e1ns st\u00edlusban. V\u00e1s\u00e1rold meg online kedvez\u0151 \u00e1ron, gyors \u00e9s ingyenes sz\u00e1ll\u00edt\u00e1ssal saj\u00e1t rakt\u00e1runkb\u00f3l az \u00f3r\u00e1k szak\u00e9rt\u0151 webshopj\u00e1b\u00f3l.","robots":{"index":"index","follow":"follow","max-snippet":"max-snippet:-1","max-image-preview":"max-image-preview:large","max-video-preview":"max-video-preview:-1"},"canonical":"https:\/\/oraarena.hu\/index.php\/termek\/naviforce-noi-karora-ora-webshop-2\/","og_locale":"hu_HU","og_type":"article","og_title":"NaviForce NF5048-1 - \u00d3raAr\u00e9na.hu","og_description":"Naviforce n\u0151i kar\u00f3ra sportos \u00e9s eleg\u00e1ns st\u00edlusban. V\u00e1s\u00e1rold meg online kedvez\u0151 \u00e1ron, gyors \u00e9s ingyenes sz\u00e1ll\u00edt\u00e1ssal saj\u00e1t rakt\u00e1runkb\u00f3l az \u00f3r\u00e1k szak\u00e9rt\u0151 webshopj\u00e1b\u00f3l.","og_url":"https:\/\/oraarena.hu\/index.php\/termek\/naviforce-noi-karora-ora-webshop-2\/","og_site_name":"\u00d3raAr\u00e9na.hu","article_modified_time":"2025-08-29T15:29:27+00:00","og_image":[{"width":1600,"height":1600,"url":"https:\/\/oraarena.hu\/wp-content\/uploads\/2025\/07\/IMG_8071.jpg","type":"image\/jpeg"}],"twitter_card":"summary_large_image","twitter_misc":{"Becs\u00fclt olvas\u00e1si id\u0151":"1 perc"},"schema":{"@context":"https:\/\/schema.org","@graph":[{"@type":"WebPage","@id":"https:\/\/oraarena.hu\/index.php\/termek\/naviforce-noi-karora-ora-webshop-2\/","url":"https:\/\/oraarena.hu\/index.php\/termek\/naviforce-noi-karora-ora-webshop-2\/","name":"NaviForce NF5048-1 - \u00d3raAr\u00e9na.hu","isPartOf":{"@id":"https:\/\/oraarena.hu\/#website"},"primaryImageOfPage":{"@id":"https:\/\/oraarena.hu\/index.php\/termek\/naviforce-noi-karora-ora-webshop-2\/#primaryimage"},"image":{"@id":"https:\/\/oraarena.hu\/index.php\/termek\/naviforce-noi-karora-ora-webshop-2\/#primaryimage"},"thumbnailUrl":"https:\/\/oraarena.hu\/wp-content\/uploads\/2025\/07\/IMG_8071.jpg","datePublished":"2025-07-24T16:35:13+00:00","dateModified":"2025-08-29T15:29:27+00:00","description":"Naviforce n\u0151i kar\u00f3ra sportos \u00e9s eleg\u00e1ns st\u00edlusban. V\u00e1s\u00e1rold meg online kedvez\u0151 \u00e1ron, gyors \u00e9s ingyenes sz\u00e1ll\u00edt\u00e1ssal saj\u00e1t rakt\u00e1runkb\u00f3l az \u00f3r\u00e1k szak\u00e9rt\u0151 webshopj\u00e1b\u00f3l.","breadcrumb":{"@id":"https:\/\/oraarena.hu\/index.php\/termek\/naviforce-noi-karora-ora-webshop-2\/#breadcrumb"},"inLanguage":"hu","potentialAction":[{"@type":"ReadAction","target":["https:\/\/oraarena.hu\/index.php\/termek\/naviforce-noi-karora-ora-webshop-2\/"]}]},{"@type":"ImageObject","inLanguage":"hu","@id":"https:\/\/oraarena.hu\/index.php\/termek\/naviforce-noi-karora-ora-webshop-2\/#primaryimage","url":"https:\/\/oraarena.hu\/wp-content\/uploads\/2025\/07\/IMG_8071.jpg","contentUrl":"https:\/\/oraarena.hu\/wp-content\/uploads\/2025\/07\/IMG_8071.jpg","width":1600,"height":1600},{"@type":"BreadcrumbList","@id":"https:\/\/oraarena.hu\/index.php\/termek\/naviforce-noi-karora-ora-webshop-2\/#breadcrumb","itemListElement":[{"@type":"ListItem","position":1,"name":"Kezd\u0151lap","item":"https:\/\/oraarena.hu\/"},{"@type":"ListItem","position":2,"name":"Shop","item":"https:\/\/oraarena.hu\/index.php\/uzlet\/"},{"@type":"ListItem","position":3,"name":"NaviForce NF5048-1"}]},{"@type":"WebSite","@id":"https:\/\/oraarena.hu\/#website","url":"https:\/\/oraarena.hu\/","name":"\u00d3raAr\u00e9na.hu","description":"\u00d3raAar\u00e9na-Kar\u00f3r\u00e1k web\u00e1ruh\u00e1za \u2013 N\u0151i \u00e9s f\u00e9rfi \u00f3r\u00e1k","publisher":{"@id":"https:\/\/oraarena.hu\/#organization"},"alternateName":"\u00d3raAr\u00e9na","potentialAction":[{"@type":"SearchAction","target":{"@type":"EntryPoint","urlTemplate":"https:\/\/oraarena.hu\/?s={search_term_string}"},"query-input":{"@type":"PropertyValueSpecification","valueRequired":true,"valueName":"search_term_string"}}],"inLanguage":"hu"},{"@type":"Organization","@id":"https:\/\/oraarena.hu\/#organization","name":"\u00d3raAr\u00e9na.hu","url":"https:\/\/oraarena.hu\/","logo":{"@type":"ImageObject","inLanguage":"hu","@id":"https:\/\/oraarena.hu\/#\/schema\/logo\/image\/","url":"https:\/\/oraarena.hu\/wp-content\/uploads\/2025\/07\/logo_color.jpg","contentUrl":"https:\/\/oraarena.hu\/wp-content\/uploads\/2025\/07\/logo_color.jpg","width":744,"height":495,"caption":"\u00d3raAr\u00e9na.hu"},"image":{"@id":"https:\/\/oraarena.hu\/#\/schema\/logo\/image\/"}}]}},"_links":{"self":[{"href":"https:\/\/oraarena.hu\/index.php\/wp-json\/wp\/v2\/product\/260","targetHints":{"allow":["GET"]}}],"collection":[{"href":"https:\/\/oraarena.hu\/index.php\/wp-json\/wp\/v2\/product"}],"about":[{"href":"https:\/\/oraarena.hu\/index.php\/wp-json\/wp\/v2\/types\/product"}],"wp:featuredmedia":[{"embeddable":true,"href":"https:\/\/oraarena.hu\/index.php\/wp-json\/wp\/v2\/media\/268"}],"wp:attachment":[{"href":"https:\/\/oraarena.hu\/index.php\/wp-json\/wp\/v2\/media?parent=260"}],"wp:term":[{"taxonomy":"product_brand","embeddable":true,"href":"https:\/\/oraarena.hu\/index.php\/wp-json\/wp\/v2\/product_brand?post=260"},{"taxonomy":"product_cat","embeddable":true,"href":"https:\/\/oraarena.hu\/index.php\/wp-json\/wp\/v2\/product_cat?post=260"},{"taxonomy":"product_tag","embeddable":true,"href":"https:\/\/oraarena.hu\/index.php\/wp-json\/wp\/v2\/product_tag?post=260"}],"curies":[{"name":"wp","href":"https:\/\/api.w.org\/{rel}","templated":true}]}}