{"id":208,"date":"2025-07-22T13:12:09","date_gmt":"2025-07-22T11:12:09","guid":{"rendered":"https:\/\/oraarena.hu\/?post_type=product&#038;p=208"},"modified":"2025-08-29T17:34:13","modified_gmt":"2025-08-29T15:34:13","slug":"hugo-boss-karora-ora-webshop-3","status":"publish","type":"product","link":"https:\/\/oraarena.hu\/index.php\/termek\/hugo-boss-karora-ora-webshop-3\/","title":{"rendered":"Hugo\u202fBoss Hero Sport 1513755"},"content":{"rendered":"<p>Hugo\u202fBoss Hero Hero Sport (1513755)<\/p>\n<p><strong>Nem<\/strong>: F\u00e9rfi<\/p>\n<p><strong>St\u00edlus<\/strong>: Sportos-eleg\u00e1ns<\/p>\n<p><strong>Mozg\u00e1s<\/strong>: Prec\u00edz quartz, Seiko VR32 szerkezettel<\/p>\n<p><strong>Tok \u00e1tm\u00e9r\u0151<\/strong>: kb. 44-45\u202fmm<\/p>\n<p><strong>Vastags\u00e1g<\/strong>: kb. 12\u201312,5\u202fmm<\/p>\n<p><strong>Anyagok<\/strong>: Rozsdamentes ac\u00e9l tok \u00e9s sz\u00edj egyar\u00e1nt<\/p>\n<p><strong>\u00dcveg<\/strong>: Edzett \u00e1sv\u00e1nyi<\/p>\n<p><strong>Sz\u00edn<\/strong>: M\u00e9lyk\u00e9k napf\u00e9nyes (sunburst) sz\u00e1mlap ez\u00fcst t\u00f3nus\u00fa indexekkel \u00e9s mutat\u00f3kkal<\/p>\n<p><strong>Chronograph<\/strong>: 24\u2011\u00f3ra, 30 perces m\u00e9r\u0151 \u00e9s k\u00fcl\u00f6n m\u00e1sodperc-korong<\/p>\n<p><strong>Tachymeter<\/strong>: Az ac\u00e9l fix l\u00fcnetta m\u00e9r\u0151sk\u00e1l\u00e1s<\/p>\n<p><strong>D\u00e1tum<\/strong>: Ablakos d\u00e1tum-megjelen\u00edt\u00e9s<\/p>\n<p><strong>\u00dcveg<\/strong>: \u00c1sv\u00e1nyi krist\u00e1ly<\/p>\n<p><strong>S\u00faly<\/strong>: kb: 168g<\/p>\n<p><strong>Sz\u00edj<\/strong>: 22\u202fmm ac\u00e9l<\/p>\n<p><strong>V\u00edz\u00e1ll\u00f3s\u00e1g<\/strong>: 5\u202fATM (50\u202fm)<\/p>\n","protected":false},"excerpt":{"rendered":"<p>A <strong>Hugo\u202fBoss 1513755 (\u201cHero\u201d)<\/strong> egy 44-45\u202fmm-es, k\u00e9k sz\u00e1mlapos ac\u00e9l chronograph napi haszn\u00e1latra eleg\u00e1ns \u00e9s sportos kombin\u00e1ci\u00f3ban. Jap\u00e1n quartz szerkezete miatt megb\u00edzhat\u00f3 \u00e9s kev\u00e9s karbantart\u00e1st ig\u00e9nyel, m\u00edg 5\u202fATM v\u00edz\u00e1ll\u00f3s\u00e1ga h\u00e9tk\u00f6znapi ig\u00e9nyekre elegend\u0151. Aranyozott\/k\u00e9k r\u00e9szletei \u00e9s tachymeter l\u00fcnett\u00e1ja karakteres k\u00fcls\u0151t ad.<\/p>\n","protected":false},"featured_media":209,"template":"","meta":[],"product_brand":[25],"product_cat":[15,31,20],"product_tag":[],"class_list":{"0":"post-208","1":"product","2":"type-product","3":"status-publish","4":"has-post-thumbnail","6":"product_brand-hugo","7":"product_cat-egyeb","8":"product_cat-ferfi-orak","9":"product_cat-orak","11":"first","12":"instock","13":"sale","14":"shipping-taxable","15":"purchasable","16":"product-type-simple"},"yoast_head":"<!-- This site is optimized with the Yoast SEO plugin v26.0 - https:\/\/yoast.com\/wordpress\/plugins\/seo\/ -->\n<title>Hugo\u202fBoss Hero Sport 1513755 - \u00d3raAr\u00e9na.hu<\/title>\n<meta name=\"description\" content=\"Hugo Boss kar\u00f3ra sportos \u00e9s eleg\u00e1ns st\u00edlusban. V\u00e1s\u00e1rold meg online kedvez\u0151 \u00e1ron, gyors \u00e9s ingyenes sz\u00e1ll\u00edt\u00e1ssal saj\u00e1t rakt\u00e1runkb\u00f3l az \u00f3r\u00e1k szak\u00e9rt\u0151 webshopj\u00e1b\u00f3l.\" \/>\n<meta name=\"robots\" content=\"index, follow, max-snippet:-1, max-image-preview:large, max-video-preview:-1\" \/>\n<link rel=\"canonical\" href=\"https:\/\/oraarena.hu\/index.php\/termek\/hugo-boss-karora-ora-webshop-3\/\" \/>\n<meta property=\"og:locale\" content=\"hu_HU\" \/>\n<meta property=\"og:type\" content=\"article\" \/>\n<meta property=\"og:title\" content=\"Hugo\u202fBoss Hero Sport 1513755 - \u00d3raAr\u00e9na.hu\" \/>\n<meta property=\"og:description\" content=\"Hugo Boss kar\u00f3ra sportos \u00e9s eleg\u00e1ns st\u00edlusban. V\u00e1s\u00e1rold meg online kedvez\u0151 \u00e1ron, gyors \u00e9s ingyenes sz\u00e1ll\u00edt\u00e1ssal saj\u00e1t rakt\u00e1runkb\u00f3l az \u00f3r\u00e1k szak\u00e9rt\u0151 webshopj\u00e1b\u00f3l.\" \/>\n<meta property=\"og:url\" content=\"https:\/\/oraarena.hu\/index.php\/termek\/hugo-boss-karora-ora-webshop-3\/\" \/>\n<meta property=\"og:site_name\" content=\"\u00d3raAr\u00e9na.hu\" \/>\n<meta property=\"article:modified_time\" content=\"2025-08-29T15:34:13+00:00\" \/>\n<meta property=\"og:image\" content=\"https:\/\/oraarena.hu\/wp-content\/uploads\/2025\/07\/boss_hero_blue_sport.webp\" \/>\n\t<meta property=\"og:image:width\" content=\"1500\" \/>\n\t<meta property=\"og:image:height\" content=\"1500\" \/>\n\t<meta property=\"og:image:type\" content=\"image\/webp\" \/>\n<meta name=\"twitter:card\" content=\"summary_large_image\" \/>\n<meta name=\"twitter:label1\" content=\"Becs\u00fclt olvas\u00e1si id\u0151\" \/>\n\t<meta name=\"twitter:data1\" content=\"1 perc\" \/>\n<script type=\"application\/ld+json\" class=\"yoast-schema-graph\">{\"@context\":\"https:\/\/schema.org\",\"@graph\":[{\"@type\":\"WebPage\",\"@id\":\"https:\/\/oraarena.hu\/index.php\/termek\/hugo-boss-karora-ora-webshop-3\/\",\"url\":\"https:\/\/oraarena.hu\/index.php\/termek\/hugo-boss-karora-ora-webshop-3\/\",\"name\":\"Hugo\u202fBoss Hero Sport 1513755 - \u00d3raAr\u00e9na.hu\",\"isPartOf\":{\"@id\":\"https:\/\/oraarena.hu\/#website\"},\"primaryImageOfPage\":{\"@id\":\"https:\/\/oraarena.hu\/index.php\/termek\/hugo-boss-karora-ora-webshop-3\/#primaryimage\"},\"image\":{\"@id\":\"https:\/\/oraarena.hu\/index.php\/termek\/hugo-boss-karora-ora-webshop-3\/#primaryimage\"},\"thumbnailUrl\":\"https:\/\/oraarena.hu\/wp-content\/uploads\/2025\/07\/boss_hero_blue_sport.webp\",\"datePublished\":\"2025-07-22T11:12:09+00:00\",\"dateModified\":\"2025-08-29T15:34:13+00:00\",\"description\":\"Hugo Boss kar\u00f3ra sportos \u00e9s eleg\u00e1ns st\u00edlusban. V\u00e1s\u00e1rold meg online kedvez\u0151 \u00e1ron, gyors \u00e9s ingyenes sz\u00e1ll\u00edt\u00e1ssal saj\u00e1t rakt\u00e1runkb\u00f3l az \u00f3r\u00e1k szak\u00e9rt\u0151 webshopj\u00e1b\u00f3l.\",\"breadcrumb\":{\"@id\":\"https:\/\/oraarena.hu\/index.php\/termek\/hugo-boss-karora-ora-webshop-3\/#breadcrumb\"},\"inLanguage\":\"hu\",\"potentialAction\":[{\"@type\":\"ReadAction\",\"target\":[\"https:\/\/oraarena.hu\/index.php\/termek\/hugo-boss-karora-ora-webshop-3\/\"]}]},{\"@type\":\"ImageObject\",\"inLanguage\":\"hu\",\"@id\":\"https:\/\/oraarena.hu\/index.php\/termek\/hugo-boss-karora-ora-webshop-3\/#primaryimage\",\"url\":\"https:\/\/oraarena.hu\/wp-content\/uploads\/2025\/07\/boss_hero_blue_sport.webp\",\"contentUrl\":\"https:\/\/oraarena.hu\/wp-content\/uploads\/2025\/07\/boss_hero_blue_sport.webp\",\"width\":1500,\"height\":1500},{\"@type\":\"BreadcrumbList\",\"@id\":\"https:\/\/oraarena.hu\/index.php\/termek\/hugo-boss-karora-ora-webshop-3\/#breadcrumb\",\"itemListElement\":[{\"@type\":\"ListItem\",\"position\":1,\"name\":\"Kezd\u0151lap\",\"item\":\"https:\/\/oraarena.hu\/\"},{\"@type\":\"ListItem\",\"position\":2,\"name\":\"Shop\",\"item\":\"https:\/\/oraarena.hu\/index.php\/uzlet\/\"},{\"@type\":\"ListItem\",\"position\":3,\"name\":\"Hugo\u202fBoss Hero Sport 1513755\"}]},{\"@type\":\"WebSite\",\"@id\":\"https:\/\/oraarena.hu\/#website\",\"url\":\"https:\/\/oraarena.hu\/\",\"name\":\"\u00d3raAr\u00e9na.hu\",\"description\":\"\u00d3raAar\u00e9na-Kar\u00f3r\u00e1k web\u00e1ruh\u00e1za \u2013 N\u0151i \u00e9s f\u00e9rfi \u00f3r\u00e1k\",\"publisher\":{\"@id\":\"https:\/\/oraarena.hu\/#organization\"},\"alternateName\":\"\u00d3raAr\u00e9na\",\"potentialAction\":[{\"@type\":\"SearchAction\",\"target\":{\"@type\":\"EntryPoint\",\"urlTemplate\":\"https:\/\/oraarena.hu\/?s={search_term_string}\"},\"query-input\":{\"@type\":\"PropertyValueSpecification\",\"valueRequired\":true,\"valueName\":\"search_term_string\"}}],\"inLanguage\":\"hu\"},{\"@type\":\"Organization\",\"@id\":\"https:\/\/oraarena.hu\/#organization\",\"name\":\"\u00d3raAr\u00e9na.hu\",\"url\":\"https:\/\/oraarena.hu\/\",\"logo\":{\"@type\":\"ImageObject\",\"inLanguage\":\"hu\",\"@id\":\"https:\/\/oraarena.hu\/#\/schema\/logo\/image\/\",\"url\":\"https:\/\/oraarena.hu\/wp-content\/uploads\/2025\/07\/logo_color.jpg\",\"contentUrl\":\"https:\/\/oraarena.hu\/wp-content\/uploads\/2025\/07\/logo_color.jpg\",\"width\":744,\"height\":495,\"caption\":\"\u00d3raAr\u00e9na.hu\"},\"image\":{\"@id\":\"https:\/\/oraarena.hu\/#\/schema\/logo\/image\/\"}}]}<\/script>\n<!-- \/ Yoast SEO plugin. -->","yoast_head_json":{"title":"Hugo\u202fBoss Hero Sport 1513755 - \u00d3raAr\u00e9na.hu","description":"Hugo Boss kar\u00f3ra sportos \u00e9s eleg\u00e1ns st\u00edlusban. V\u00e1s\u00e1rold meg online kedvez\u0151 \u00e1ron, gyors \u00e9s ingyenes sz\u00e1ll\u00edt\u00e1ssal saj\u00e1t rakt\u00e1runkb\u00f3l az \u00f3r\u00e1k szak\u00e9rt\u0151 webshopj\u00e1b\u00f3l.","robots":{"index":"index","follow":"follow","max-snippet":"max-snippet:-1","max-image-preview":"max-image-preview:large","max-video-preview":"max-video-preview:-1"},"canonical":"https:\/\/oraarena.hu\/index.php\/termek\/hugo-boss-karora-ora-webshop-3\/","og_locale":"hu_HU","og_type":"article","og_title":"Hugo\u202fBoss Hero Sport 1513755 - \u00d3raAr\u00e9na.hu","og_description":"Hugo Boss kar\u00f3ra sportos \u00e9s eleg\u00e1ns st\u00edlusban. V\u00e1s\u00e1rold meg online kedvez\u0151 \u00e1ron, gyors \u00e9s ingyenes sz\u00e1ll\u00edt\u00e1ssal saj\u00e1t rakt\u00e1runkb\u00f3l az \u00f3r\u00e1k szak\u00e9rt\u0151 webshopj\u00e1b\u00f3l.","og_url":"https:\/\/oraarena.hu\/index.php\/termek\/hugo-boss-karora-ora-webshop-3\/","og_site_name":"\u00d3raAr\u00e9na.hu","article_modified_time":"2025-08-29T15:34:13+00:00","og_image":[{"width":1500,"height":1500,"url":"https:\/\/oraarena.hu\/wp-content\/uploads\/2025\/07\/boss_hero_blue_sport.webp","type":"image\/webp"}],"twitter_card":"summary_large_image","twitter_misc":{"Becs\u00fclt olvas\u00e1si id\u0151":"1 perc"},"schema":{"@context":"https:\/\/schema.org","@graph":[{"@type":"WebPage","@id":"https:\/\/oraarena.hu\/index.php\/termek\/hugo-boss-karora-ora-webshop-3\/","url":"https:\/\/oraarena.hu\/index.php\/termek\/hugo-boss-karora-ora-webshop-3\/","name":"Hugo\u202fBoss Hero Sport 1513755 - \u00d3raAr\u00e9na.hu","isPartOf":{"@id":"https:\/\/oraarena.hu\/#website"},"primaryImageOfPage":{"@id":"https:\/\/oraarena.hu\/index.php\/termek\/hugo-boss-karora-ora-webshop-3\/#primaryimage"},"image":{"@id":"https:\/\/oraarena.hu\/index.php\/termek\/hugo-boss-karora-ora-webshop-3\/#primaryimage"},"thumbnailUrl":"https:\/\/oraarena.hu\/wp-content\/uploads\/2025\/07\/boss_hero_blue_sport.webp","datePublished":"2025-07-22T11:12:09+00:00","dateModified":"2025-08-29T15:34:13+00:00","description":"Hugo Boss kar\u00f3ra sportos \u00e9s eleg\u00e1ns st\u00edlusban. V\u00e1s\u00e1rold meg online kedvez\u0151 \u00e1ron, gyors \u00e9s ingyenes sz\u00e1ll\u00edt\u00e1ssal saj\u00e1t rakt\u00e1runkb\u00f3l az \u00f3r\u00e1k szak\u00e9rt\u0151 webshopj\u00e1b\u00f3l.","breadcrumb":{"@id":"https:\/\/oraarena.hu\/index.php\/termek\/hugo-boss-karora-ora-webshop-3\/#breadcrumb"},"inLanguage":"hu","potentialAction":[{"@type":"ReadAction","target":["https:\/\/oraarena.hu\/index.php\/termek\/hugo-boss-karora-ora-webshop-3\/"]}]},{"@type":"ImageObject","inLanguage":"hu","@id":"https:\/\/oraarena.hu\/index.php\/termek\/hugo-boss-karora-ora-webshop-3\/#primaryimage","url":"https:\/\/oraarena.hu\/wp-content\/uploads\/2025\/07\/boss_hero_blue_sport.webp","contentUrl":"https:\/\/oraarena.hu\/wp-content\/uploads\/2025\/07\/boss_hero_blue_sport.webp","width":1500,"height":1500},{"@type":"BreadcrumbList","@id":"https:\/\/oraarena.hu\/index.php\/termek\/hugo-boss-karora-ora-webshop-3\/#breadcrumb","itemListElement":[{"@type":"ListItem","position":1,"name":"Kezd\u0151lap","item":"https:\/\/oraarena.hu\/"},{"@type":"ListItem","position":2,"name":"Shop","item":"https:\/\/oraarena.hu\/index.php\/uzlet\/"},{"@type":"ListItem","position":3,"name":"Hugo\u202fBoss Hero Sport 1513755"}]},{"@type":"WebSite","@id":"https:\/\/oraarena.hu\/#website","url":"https:\/\/oraarena.hu\/","name":"\u00d3raAr\u00e9na.hu","description":"\u00d3raAar\u00e9na-Kar\u00f3r\u00e1k web\u00e1ruh\u00e1za \u2013 N\u0151i \u00e9s f\u00e9rfi \u00f3r\u00e1k","publisher":{"@id":"https:\/\/oraarena.hu\/#organization"},"alternateName":"\u00d3raAr\u00e9na","potentialAction":[{"@type":"SearchAction","target":{"@type":"EntryPoint","urlTemplate":"https:\/\/oraarena.hu\/?s={search_term_string}"},"query-input":{"@type":"PropertyValueSpecification","valueRequired":true,"valueName":"search_term_string"}}],"inLanguage":"hu"},{"@type":"Organization","@id":"https:\/\/oraarena.hu\/#organization","name":"\u00d3raAr\u00e9na.hu","url":"https:\/\/oraarena.hu\/","logo":{"@type":"ImageObject","inLanguage":"hu","@id":"https:\/\/oraarena.hu\/#\/schema\/logo\/image\/","url":"https:\/\/oraarena.hu\/wp-content\/uploads\/2025\/07\/logo_color.jpg","contentUrl":"https:\/\/oraarena.hu\/wp-content\/uploads\/2025\/07\/logo_color.jpg","width":744,"height":495,"caption":"\u00d3raAr\u00e9na.hu"},"image":{"@id":"https:\/\/oraarena.hu\/#\/schema\/logo\/image\/"}}]}},"_links":{"self":[{"href":"https:\/\/oraarena.hu\/index.php\/wp-json\/wp\/v2\/product\/208","targetHints":{"allow":["GET"]}}],"collection":[{"href":"https:\/\/oraarena.hu\/index.php\/wp-json\/wp\/v2\/product"}],"about":[{"href":"https:\/\/oraarena.hu\/index.php\/wp-json\/wp\/v2\/types\/product"}],"wp:featuredmedia":[{"embeddable":true,"href":"https:\/\/oraarena.hu\/index.php\/wp-json\/wp\/v2\/media\/209"}],"wp:attachment":[{"href":"https:\/\/oraarena.hu\/index.php\/wp-json\/wp\/v2\/media?parent=208"}],"wp:term":[{"taxonomy":"product_brand","embeddable":true,"href":"https:\/\/oraarena.hu\/index.php\/wp-json\/wp\/v2\/product_brand?post=208"},{"taxonomy":"product_cat","embeddable":true,"href":"https:\/\/oraarena.hu\/index.php\/wp-json\/wp\/v2\/product_cat?post=208"},{"taxonomy":"product_tag","embeddable":true,"href":"https:\/\/oraarena.hu\/index.php\/wp-json\/wp\/v2\/product_tag?post=208"}],"curies":[{"name":"wp","href":"https:\/\/api.w.org\/{rel}","templated":true}]}}