{"id":196,"date":"2025-07-22T13:04:28","date_gmt":"2025-07-22T11:04:28","guid":{"rendered":"https:\/\/oraarena.hu\/?post_type=product&#038;p=196"},"modified":"2025-08-29T17:36:22","modified_gmt":"2025-08-29T15:36:22","slug":"hugo-boss-aeroliner-1512447-hugo-boss-karora-ora-webshop","status":"publish","type":"product","link":"https:\/\/oraarena.hu\/index.php\/termek\/hugo-boss-aeroliner-1512447-hugo-boss-karora-ora-webshop\/","title":{"rendered":"Hugo\u202fBoss Aeroliner 1512447"},"content":{"rendered":"<p><strong>Modell<\/strong>: Hugo\u202fBoss Aeroliner 1512447<\/p>\n<p><strong>Nem<\/strong>: F\u00e9rfi<\/p>\n<p><strong>St\u00edlus<\/strong>: eleg\u00e1ns, de k\u00f6nnyed sportos elemekkel<\/p>\n<p><strong>Mozg\u00e1s<\/strong>: Prec\u00edz, elemes (quartz) \u2013 megb\u00edzhat\u00f3, karbantart\u00e1smentes<\/p>\n<p><strong>Tok \u00e1tm\u00e9r\u0151je<\/strong>: 44\u202fmm<\/p>\n<p><strong>Vastags\u00e1g<\/strong>: 12\u202fmm<\/p>\n<p><strong>Tok anyaga<\/strong>: Rozsdamentes ac\u00e9l, pol\u00edrozott \u2013 sz\u00e1lcsiszolt<\/p>\n<p><strong>Tok h\u00e1tlap<\/strong>: csavaros kivitel<\/p>\n<p><strong>Szerkezet<\/strong>: sv\u00e1jci kvarc<\/p>\n<p><strong>\u00dcveg<\/strong>: Edzett \u00e1sv\u00e1nyi krist\u00e1ly<\/p>\n<p><strong>Sz\u00edj<\/strong>: Barna, val\u00f3di b\u0151r; 20\u201322\u202fmm sz\u00e9less\u00e9g<\/p>\n<p><strong>V\u00edz\u00e1ll\u00f3s\u00e1g<\/strong>: 50\u202fm \/ 5 ATM<\/p>\n<p><strong>Chronograph<\/strong>: m\u00e1sodperc-, perc- \u00e9s 1\/10\u2011m\u00e1sodperc-m\u00e9r\u0151,\u00a0 stopper funkci\u00f3<\/p>\n<p><strong>Sz\u00e1mlap<\/strong>: Ez\u00fcst-feh\u00e9r \u00e1rnyalat, fekete arab sz\u00e1mok \u00e9s mutat\u00f3k<\/p>\n<p><strong>S\u00faly<\/strong>: 74-77g<\/p>\n","protected":false},"excerpt":{"rendered":"<p>Eleg\u00e1ns megjelen\u00e9se \u00e9s praktikus funkci\u00f3i miatt ide\u00e1lis viselet irod\u00e1ba, \u00fczleti szettekhez, de h\u00e9tk\u00f6znapi haszn\u00e1latra is alkalmas.<\/p>\n<p>A <strong>Hugo\u202fBoss Aeroliner<\/strong> 1512447 egy \u00edzl\u00e9ses, k\u00f6zepes\/nagy m\u00e9ret\u0171 f\u00e9rfi kar\u00f3ra professzion\u00e1lis quartz szerkezettel, chronograph funkci\u00f3val \u00e9s d\u00e1tummal. Megb\u00edzhat\u00f3 min\u0151s\u00e9g\u0171 anyagokb\u00f3l k\u00e9sz\u00fcl, b\u0151rsz\u00edjas, 50\u202fm v\u00edz\u00e1ll\u00f3s\u00e1ggal rendelkezik.<\/p>\n","protected":false},"featured_media":200,"template":"","meta":[],"product_brand":[25],"product_cat":[15,31,20],"product_tag":[],"class_list":{"0":"post-196","1":"product","2":"type-product","3":"status-publish","4":"has-post-thumbnail","6":"product_brand-hugo","7":"product_cat-egyeb","8":"product_cat-ferfi-orak","9":"product_cat-orak","11":"first","12":"instock","13":"shipping-taxable","14":"purchasable","15":"product-type-simple"},"yoast_head":"<!-- This site is optimized with the Yoast SEO plugin v26.0 - https:\/\/yoast.com\/wordpress\/plugins\/seo\/ -->\n<title>Hugo\u202fBoss Aeroliner 1512447 - \u00d3raAr\u00e9na.hu<\/title>\n<meta name=\"description\" content=\"Hugo Boss kar\u00f3ra sportos \u00e9s eleg\u00e1ns st\u00edlusban. V\u00e1s\u00e1rold meg online kedvez\u0151 \u00e1ron, gyors \u00e9s ingyenes sz\u00e1ll\u00edt\u00e1ssal saj\u00e1t rakt\u00e1runkb\u00f3l az \u00f3r\u00e1k szak\u00e9rt\u0151 webshopj\u00e1b\u00f3l.\" \/>\n<meta name=\"robots\" content=\"index, follow, max-snippet:-1, max-image-preview:large, max-video-preview:-1\" \/>\n<link rel=\"canonical\" href=\"https:\/\/oraarena.hu\/index.php\/termek\/hugo-boss-aeroliner-1512447-hugo-boss-karora-ora-webshop\/\" \/>\n<meta property=\"og:locale\" content=\"hu_HU\" \/>\n<meta property=\"og:type\" content=\"article\" \/>\n<meta property=\"og:title\" content=\"Hugo\u202fBoss Aeroliner 1512447 - \u00d3raAr\u00e9na.hu\" \/>\n<meta property=\"og:description\" content=\"Hugo Boss kar\u00f3ra sportos \u00e9s eleg\u00e1ns st\u00edlusban. V\u00e1s\u00e1rold meg online kedvez\u0151 \u00e1ron, gyors \u00e9s ingyenes sz\u00e1ll\u00edt\u00e1ssal saj\u00e1t rakt\u00e1runkb\u00f3l az \u00f3r\u00e1k szak\u00e9rt\u0151 webshopj\u00e1b\u00f3l.\" \/>\n<meta property=\"og:url\" content=\"https:\/\/oraarena.hu\/index.php\/termek\/hugo-boss-aeroliner-1512447-hugo-boss-karora-ora-webshop\/\" \/>\n<meta property=\"og:site_name\" content=\"\u00d3raAr\u00e9na.hu\" \/>\n<meta property=\"article:modified_time\" content=\"2025-08-29T15:36:22+00:00\" \/>\n<meta property=\"og:image\" content=\"http:\/\/oraarena.hu\/wp-content\/uploads\/2025\/07\/hugo-boss-elegant-1512447.jpg\" \/>\n\t<meta property=\"og:image:width\" content=\"1200\" \/>\n\t<meta property=\"og:image:height\" content=\"1200\" \/>\n\t<meta property=\"og:image:type\" content=\"image\/jpeg\" \/>\n<meta name=\"twitter:card\" content=\"summary_large_image\" \/>\n<meta name=\"twitter:label1\" content=\"Becs\u00fclt olvas\u00e1si id\u0151\" \/>\n\t<meta name=\"twitter:data1\" content=\"1 perc\" \/>\n<script type=\"application\/ld+json\" class=\"yoast-schema-graph\">{\"@context\":\"https:\/\/schema.org\",\"@graph\":[{\"@type\":\"WebPage\",\"@id\":\"https:\/\/oraarena.hu\/index.php\/termek\/hugo-boss-aeroliner-1512447-hugo-boss-karora-ora-webshop\/\",\"url\":\"https:\/\/oraarena.hu\/index.php\/termek\/hugo-boss-aeroliner-1512447-hugo-boss-karora-ora-webshop\/\",\"name\":\"Hugo\u202fBoss Aeroliner 1512447 - \u00d3raAr\u00e9na.hu\",\"isPartOf\":{\"@id\":\"https:\/\/oraarena.hu\/#website\"},\"primaryImageOfPage\":{\"@id\":\"https:\/\/oraarena.hu\/index.php\/termek\/hugo-boss-aeroliner-1512447-hugo-boss-karora-ora-webshop\/#primaryimage\"},\"image\":{\"@id\":\"https:\/\/oraarena.hu\/index.php\/termek\/hugo-boss-aeroliner-1512447-hugo-boss-karora-ora-webshop\/#primaryimage\"},\"thumbnailUrl\":\"https:\/\/oraarena.hu\/wp-content\/uploads\/2025\/07\/hugo-boss-elegant-1512447.jpg\",\"datePublished\":\"2025-07-22T11:04:28+00:00\",\"dateModified\":\"2025-08-29T15:36:22+00:00\",\"description\":\"Hugo Boss kar\u00f3ra sportos \u00e9s eleg\u00e1ns st\u00edlusban. V\u00e1s\u00e1rold meg online kedvez\u0151 \u00e1ron, gyors \u00e9s ingyenes sz\u00e1ll\u00edt\u00e1ssal saj\u00e1t rakt\u00e1runkb\u00f3l az \u00f3r\u00e1k szak\u00e9rt\u0151 webshopj\u00e1b\u00f3l.\",\"breadcrumb\":{\"@id\":\"https:\/\/oraarena.hu\/index.php\/termek\/hugo-boss-aeroliner-1512447-hugo-boss-karora-ora-webshop\/#breadcrumb\"},\"inLanguage\":\"hu\",\"potentialAction\":[{\"@type\":\"ReadAction\",\"target\":[\"https:\/\/oraarena.hu\/index.php\/termek\/hugo-boss-aeroliner-1512447-hugo-boss-karora-ora-webshop\/\"]}]},{\"@type\":\"ImageObject\",\"inLanguage\":\"hu\",\"@id\":\"https:\/\/oraarena.hu\/index.php\/termek\/hugo-boss-aeroliner-1512447-hugo-boss-karora-ora-webshop\/#primaryimage\",\"url\":\"https:\/\/oraarena.hu\/wp-content\/uploads\/2025\/07\/hugo-boss-elegant-1512447.jpg\",\"contentUrl\":\"https:\/\/oraarena.hu\/wp-content\/uploads\/2025\/07\/hugo-boss-elegant-1512447.jpg\",\"width\":1200,\"height\":1200},{\"@type\":\"BreadcrumbList\",\"@id\":\"https:\/\/oraarena.hu\/index.php\/termek\/hugo-boss-aeroliner-1512447-hugo-boss-karora-ora-webshop\/#breadcrumb\",\"itemListElement\":[{\"@type\":\"ListItem\",\"position\":1,\"name\":\"Kezd\u0151lap\",\"item\":\"https:\/\/oraarena.hu\/\"},{\"@type\":\"ListItem\",\"position\":2,\"name\":\"Shop\",\"item\":\"https:\/\/oraarena.hu\/index.php\/uzlet\/\"},{\"@type\":\"ListItem\",\"position\":3,\"name\":\"Hugo\u202fBoss Aeroliner 1512447\"}]},{\"@type\":\"WebSite\",\"@id\":\"https:\/\/oraarena.hu\/#website\",\"url\":\"https:\/\/oraarena.hu\/\",\"name\":\"\u00d3raAr\u00e9na.hu\",\"description\":\"\u00d3raAar\u00e9na-Kar\u00f3r\u00e1k web\u00e1ruh\u00e1za \u2013 N\u0151i \u00e9s f\u00e9rfi \u00f3r\u00e1k\",\"publisher\":{\"@id\":\"https:\/\/oraarena.hu\/#organization\"},\"alternateName\":\"\u00d3raAr\u00e9na\",\"potentialAction\":[{\"@type\":\"SearchAction\",\"target\":{\"@type\":\"EntryPoint\",\"urlTemplate\":\"https:\/\/oraarena.hu\/?s={search_term_string}\"},\"query-input\":{\"@type\":\"PropertyValueSpecification\",\"valueRequired\":true,\"valueName\":\"search_term_string\"}}],\"inLanguage\":\"hu\"},{\"@type\":\"Organization\",\"@id\":\"https:\/\/oraarena.hu\/#organization\",\"name\":\"\u00d3raAr\u00e9na.hu\",\"url\":\"https:\/\/oraarena.hu\/\",\"logo\":{\"@type\":\"ImageObject\",\"inLanguage\":\"hu\",\"@id\":\"https:\/\/oraarena.hu\/#\/schema\/logo\/image\/\",\"url\":\"https:\/\/oraarena.hu\/wp-content\/uploads\/2025\/07\/logo_color.jpg\",\"contentUrl\":\"https:\/\/oraarena.hu\/wp-content\/uploads\/2025\/07\/logo_color.jpg\",\"width\":744,\"height\":495,\"caption\":\"\u00d3raAr\u00e9na.hu\"},\"image\":{\"@id\":\"https:\/\/oraarena.hu\/#\/schema\/logo\/image\/\"}}]}<\/script>\n<!-- \/ Yoast SEO plugin. -->","yoast_head_json":{"title":"Hugo\u202fBoss Aeroliner 1512447 - \u00d3raAr\u00e9na.hu","description":"Hugo Boss kar\u00f3ra sportos \u00e9s eleg\u00e1ns st\u00edlusban. V\u00e1s\u00e1rold meg online kedvez\u0151 \u00e1ron, gyors \u00e9s ingyenes sz\u00e1ll\u00edt\u00e1ssal saj\u00e1t rakt\u00e1runkb\u00f3l az \u00f3r\u00e1k szak\u00e9rt\u0151 webshopj\u00e1b\u00f3l.","robots":{"index":"index","follow":"follow","max-snippet":"max-snippet:-1","max-image-preview":"max-image-preview:large","max-video-preview":"max-video-preview:-1"},"canonical":"https:\/\/oraarena.hu\/index.php\/termek\/hugo-boss-aeroliner-1512447-hugo-boss-karora-ora-webshop\/","og_locale":"hu_HU","og_type":"article","og_title":"Hugo\u202fBoss Aeroliner 1512447 - \u00d3raAr\u00e9na.hu","og_description":"Hugo Boss kar\u00f3ra sportos \u00e9s eleg\u00e1ns st\u00edlusban. V\u00e1s\u00e1rold meg online kedvez\u0151 \u00e1ron, gyors \u00e9s ingyenes sz\u00e1ll\u00edt\u00e1ssal saj\u00e1t rakt\u00e1runkb\u00f3l az \u00f3r\u00e1k szak\u00e9rt\u0151 webshopj\u00e1b\u00f3l.","og_url":"https:\/\/oraarena.hu\/index.php\/termek\/hugo-boss-aeroliner-1512447-hugo-boss-karora-ora-webshop\/","og_site_name":"\u00d3raAr\u00e9na.hu","article_modified_time":"2025-08-29T15:36:22+00:00","og_image":[{"width":1200,"height":1200,"url":"http:\/\/oraarena.hu\/wp-content\/uploads\/2025\/07\/hugo-boss-elegant-1512447.jpg","type":"image\/jpeg"}],"twitter_card":"summary_large_image","twitter_misc":{"Becs\u00fclt olvas\u00e1si id\u0151":"1 perc"},"schema":{"@context":"https:\/\/schema.org","@graph":[{"@type":"WebPage","@id":"https:\/\/oraarena.hu\/index.php\/termek\/hugo-boss-aeroliner-1512447-hugo-boss-karora-ora-webshop\/","url":"https:\/\/oraarena.hu\/index.php\/termek\/hugo-boss-aeroliner-1512447-hugo-boss-karora-ora-webshop\/","name":"Hugo\u202fBoss Aeroliner 1512447 - \u00d3raAr\u00e9na.hu","isPartOf":{"@id":"https:\/\/oraarena.hu\/#website"},"primaryImageOfPage":{"@id":"https:\/\/oraarena.hu\/index.php\/termek\/hugo-boss-aeroliner-1512447-hugo-boss-karora-ora-webshop\/#primaryimage"},"image":{"@id":"https:\/\/oraarena.hu\/index.php\/termek\/hugo-boss-aeroliner-1512447-hugo-boss-karora-ora-webshop\/#primaryimage"},"thumbnailUrl":"https:\/\/oraarena.hu\/wp-content\/uploads\/2025\/07\/hugo-boss-elegant-1512447.jpg","datePublished":"2025-07-22T11:04:28+00:00","dateModified":"2025-08-29T15:36:22+00:00","description":"Hugo Boss kar\u00f3ra sportos \u00e9s eleg\u00e1ns st\u00edlusban. V\u00e1s\u00e1rold meg online kedvez\u0151 \u00e1ron, gyors \u00e9s ingyenes sz\u00e1ll\u00edt\u00e1ssal saj\u00e1t rakt\u00e1runkb\u00f3l az \u00f3r\u00e1k szak\u00e9rt\u0151 webshopj\u00e1b\u00f3l.","breadcrumb":{"@id":"https:\/\/oraarena.hu\/index.php\/termek\/hugo-boss-aeroliner-1512447-hugo-boss-karora-ora-webshop\/#breadcrumb"},"inLanguage":"hu","potentialAction":[{"@type":"ReadAction","target":["https:\/\/oraarena.hu\/index.php\/termek\/hugo-boss-aeroliner-1512447-hugo-boss-karora-ora-webshop\/"]}]},{"@type":"ImageObject","inLanguage":"hu","@id":"https:\/\/oraarena.hu\/index.php\/termek\/hugo-boss-aeroliner-1512447-hugo-boss-karora-ora-webshop\/#primaryimage","url":"https:\/\/oraarena.hu\/wp-content\/uploads\/2025\/07\/hugo-boss-elegant-1512447.jpg","contentUrl":"https:\/\/oraarena.hu\/wp-content\/uploads\/2025\/07\/hugo-boss-elegant-1512447.jpg","width":1200,"height":1200},{"@type":"BreadcrumbList","@id":"https:\/\/oraarena.hu\/index.php\/termek\/hugo-boss-aeroliner-1512447-hugo-boss-karora-ora-webshop\/#breadcrumb","itemListElement":[{"@type":"ListItem","position":1,"name":"Kezd\u0151lap","item":"https:\/\/oraarena.hu\/"},{"@type":"ListItem","position":2,"name":"Shop","item":"https:\/\/oraarena.hu\/index.php\/uzlet\/"},{"@type":"ListItem","position":3,"name":"Hugo\u202fBoss Aeroliner 1512447"}]},{"@type":"WebSite","@id":"https:\/\/oraarena.hu\/#website","url":"https:\/\/oraarena.hu\/","name":"\u00d3raAr\u00e9na.hu","description":"\u00d3raAar\u00e9na-Kar\u00f3r\u00e1k web\u00e1ruh\u00e1za \u2013 N\u0151i \u00e9s f\u00e9rfi \u00f3r\u00e1k","publisher":{"@id":"https:\/\/oraarena.hu\/#organization"},"alternateName":"\u00d3raAr\u00e9na","potentialAction":[{"@type":"SearchAction","target":{"@type":"EntryPoint","urlTemplate":"https:\/\/oraarena.hu\/?s={search_term_string}"},"query-input":{"@type":"PropertyValueSpecification","valueRequired":true,"valueName":"search_term_string"}}],"inLanguage":"hu"},{"@type":"Organization","@id":"https:\/\/oraarena.hu\/#organization","name":"\u00d3raAr\u00e9na.hu","url":"https:\/\/oraarena.hu\/","logo":{"@type":"ImageObject","inLanguage":"hu","@id":"https:\/\/oraarena.hu\/#\/schema\/logo\/image\/","url":"https:\/\/oraarena.hu\/wp-content\/uploads\/2025\/07\/logo_color.jpg","contentUrl":"https:\/\/oraarena.hu\/wp-content\/uploads\/2025\/07\/logo_color.jpg","width":744,"height":495,"caption":"\u00d3raAr\u00e9na.hu"},"image":{"@id":"https:\/\/oraarena.hu\/#\/schema\/logo\/image\/"}}]}},"_links":{"self":[{"href":"https:\/\/oraarena.hu\/index.php\/wp-json\/wp\/v2\/product\/196","targetHints":{"allow":["GET"]}}],"collection":[{"href":"https:\/\/oraarena.hu\/index.php\/wp-json\/wp\/v2\/product"}],"about":[{"href":"https:\/\/oraarena.hu\/index.php\/wp-json\/wp\/v2\/types\/product"}],"wp:featuredmedia":[{"embeddable":true,"href":"https:\/\/oraarena.hu\/index.php\/wp-json\/wp\/v2\/media\/200"}],"wp:attachment":[{"href":"https:\/\/oraarena.hu\/index.php\/wp-json\/wp\/v2\/media?parent=196"}],"wp:term":[{"taxonomy":"product_brand","embeddable":true,"href":"https:\/\/oraarena.hu\/index.php\/wp-json\/wp\/v2\/product_brand?post=196"},{"taxonomy":"product_cat","embeddable":true,"href":"https:\/\/oraarena.hu\/index.php\/wp-json\/wp\/v2\/product_cat?post=196"},{"taxonomy":"product_tag","embeddable":true,"href":"https:\/\/oraarena.hu\/index.php\/wp-json\/wp\/v2\/product_tag?post=196"}],"curies":[{"name":"wp","href":"https:\/\/api.w.org\/{rel}","templated":true}]}}