{"id":183,"date":"2025-07-22T12:54:03","date_gmt":"2025-07-22T10:54:03","guid":{"rendered":"https:\/\/oraarena.hu\/?post_type=product&#038;p=183"},"modified":"2025-08-29T17:38:57","modified_gmt":"2025-08-29T15:38:57","slug":"guess-legacy-w1049g1-guess-karora-ora-webshop","status":"publish","type":"product","link":"https:\/\/oraarena.hu\/index.php\/termek\/guess-legacy-w1049g1-guess-karora-ora-webshop\/","title":{"rendered":"Guess Legacy W1049G1"},"content":{"rendered":"<p><strong>Modelln\u00e9v<\/strong>: Guess Legacy (W1049G1)<\/p>\n<p><strong>Nem<\/strong>: F\u00e9rfi<\/p>\n<p><strong>St\u00edlus<\/strong>: Sportos, divatos anal\u00f3g \u00f3ra \u2013 modern sport-kieg\u00e9sz\u00edt\u0151<\/p>\n<p><strong>Mozg\u00e1s<\/strong>: Elemes quartz szerkezet \u2013 pontos \u00e9s karbantart\u00e1smentes<\/p>\n<p><strong>Tok\u00e1tm\u00e9r\u0151<\/strong>: 45\u202fmm<\/p>\n<p><strong>Tokvastags\u00e1g<\/strong>: 12\u202fmm<\/p>\n<p><strong>Tok<\/strong>: Rozsdamentes ac\u00e9l, pol\u00edrozott \u00e9s matt fel\u00fcletekkel<\/p>\n<p><strong>Sz\u00edj<\/strong>: K\u00e9k szilikon, kb. 22\u202fmm sz\u00e9les<\/p>\n<p><strong>\u00dcveg<\/strong>: Edzett \u00e1sv\u00e1nyi<\/p>\n<p><strong>Sz\u00e1mlap<\/strong>: Sz\u00fcrke\/graphite<\/p>\n<p><strong>Mutat\u00f3k \u00e9s indexek<\/strong>: Ez\u00fcst sz\u00edn\u0171ek, lumineszcensek<\/p>\n<p><strong>H\u00e1rom seg\u00e9dsz\u00e1mlap<\/strong>:<\/p>\n<ul>\n<li style=\"list-style-type: none;\">\n<ul>\n<li>Napt\u00e1r (day of week)<\/li>\n<li>D\u00e1tum (day of month)<\/li>\n<li>24 \u00f3r\u00e1s kijelz\u00e9s<\/li>\n<\/ul>\n<\/li>\n<\/ul>\n<p><strong>V\u00edz\u00e1ll\u00f3s\u00e1g: <\/strong>10 ATM (100\u202fm) \u2013 alkalmas \u00fasz\u00e1sra<\/p>\n<p><strong>S\u00faly<\/strong>: kb: 110g<\/p>\n","protected":false},"excerpt":{"rendered":"<p>A <strong>Guess W1049G1 Legacy<\/strong> egy l\u00e1tv\u00e1nyos, nagy m\u00e9ret\u0171, k\u00e9k szilikon sz\u00edjas f\u00e9rfi\u00f3ra, amely sportos megjelen\u00e9st k\u00edn\u00e1l h\u00e1rom seg\u00e9dsz\u00e1mlappal. A Jap\u00e1n quartz szerkezetnek k\u00f6sz\u00f6nhet\u0151en megb\u00edzhat\u00f3, \u00e9s 10 ATM v\u00edz\u00e1ll\u00f3s\u00e1g\u00e1nak k\u00f6sz\u00f6nhet\u0151en \u00fasz\u00e1sra is alkalmas.<\/p>\n","protected":false},"featured_media":189,"template":"","meta":[],"product_brand":[26],"product_cat":[15,31,20],"product_tag":[],"class_list":{"0":"post-183","1":"product","2":"type-product","3":"status-publish","4":"has-post-thumbnail","6":"product_brand-guess","7":"product_cat-egyeb","8":"product_cat-ferfi-orak","9":"product_cat-orak","11":"first","12":"instock","13":"shipping-taxable","14":"purchasable","15":"product-type-simple"},"yoast_head":"<!-- This site is optimized with the Yoast SEO plugin v26.0 - https:\/\/yoast.com\/wordpress\/plugins\/seo\/ -->\n<title>Guess Legacy W1049G1 - \u00d3raAr\u00e9na.hu<\/title>\n<meta name=\"description\" content=\"Guess kar\u00f3ra sportos \u00e9s eleg\u00e1ns st\u00edlusban. V\u00e1s\u00e1rold meg online kedvez\u0151 \u00e1ron, gyors \u00e9s ingyenes sz\u00e1ll\u00edt\u00e1ssal saj\u00e1t rakt\u00e1runkb\u00f3l az \u00f3r\u00e1k szak\u00e9rt\u0151 webshopj\u00e1b\u00f3l.\" \/>\n<meta name=\"robots\" content=\"index, follow, max-snippet:-1, max-image-preview:large, max-video-preview:-1\" \/>\n<link rel=\"canonical\" href=\"https:\/\/oraarena.hu\/index.php\/termek\/guess-legacy-w1049g1-guess-karora-ora-webshop\/\" \/>\n<meta property=\"og:locale\" content=\"hu_HU\" \/>\n<meta property=\"og:type\" content=\"article\" \/>\n<meta property=\"og:title\" content=\"Guess Legacy W1049G1 - \u00d3raAr\u00e9na.hu\" \/>\n<meta property=\"og:description\" content=\"Guess kar\u00f3ra sportos \u00e9s eleg\u00e1ns st\u00edlusban. V\u00e1s\u00e1rold meg online kedvez\u0151 \u00e1ron, gyors \u00e9s ingyenes sz\u00e1ll\u00edt\u00e1ssal saj\u00e1t rakt\u00e1runkb\u00f3l az \u00f3r\u00e1k szak\u00e9rt\u0151 webshopj\u00e1b\u00f3l.\" \/>\n<meta property=\"og:url\" content=\"https:\/\/oraarena.hu\/index.php\/termek\/guess-legacy-w1049g1-guess-karora-ora-webshop\/\" \/>\n<meta property=\"og:site_name\" content=\"\u00d3raAr\u00e9na.hu\" \/>\n<meta property=\"article:modified_time\" content=\"2025-08-29T15:38:57+00:00\" \/>\n<meta property=\"og:image\" content=\"http:\/\/oraarena.hu\/wp-content\/uploads\/2025\/07\/guess-legacy-w1049g1.jpg\" \/>\n\t<meta property=\"og:image:width\" content=\"1200\" \/>\n\t<meta property=\"og:image:height\" content=\"1200\" \/>\n\t<meta property=\"og:image:type\" content=\"image\/jpeg\" \/>\n<meta name=\"twitter:card\" content=\"summary_large_image\" \/>\n<meta name=\"twitter:label1\" content=\"Becs\u00fclt olvas\u00e1si id\u0151\" \/>\n\t<meta name=\"twitter:data1\" content=\"1 perc\" \/>\n<script type=\"application\/ld+json\" class=\"yoast-schema-graph\">{\"@context\":\"https:\/\/schema.org\",\"@graph\":[{\"@type\":\"WebPage\",\"@id\":\"https:\/\/oraarena.hu\/index.php\/termek\/guess-legacy-w1049g1-guess-karora-ora-webshop\/\",\"url\":\"https:\/\/oraarena.hu\/index.php\/termek\/guess-legacy-w1049g1-guess-karora-ora-webshop\/\",\"name\":\"Guess Legacy W1049G1 - \u00d3raAr\u00e9na.hu\",\"isPartOf\":{\"@id\":\"https:\/\/oraarena.hu\/#website\"},\"primaryImageOfPage\":{\"@id\":\"https:\/\/oraarena.hu\/index.php\/termek\/guess-legacy-w1049g1-guess-karora-ora-webshop\/#primaryimage\"},\"image\":{\"@id\":\"https:\/\/oraarena.hu\/index.php\/termek\/guess-legacy-w1049g1-guess-karora-ora-webshop\/#primaryimage\"},\"thumbnailUrl\":\"https:\/\/oraarena.hu\/wp-content\/uploads\/2025\/07\/guess-legacy-w1049g1.jpg\",\"datePublished\":\"2025-07-22T10:54:03+00:00\",\"dateModified\":\"2025-08-29T15:38:57+00:00\",\"description\":\"Guess kar\u00f3ra sportos \u00e9s eleg\u00e1ns st\u00edlusban. V\u00e1s\u00e1rold meg online kedvez\u0151 \u00e1ron, gyors \u00e9s ingyenes sz\u00e1ll\u00edt\u00e1ssal saj\u00e1t rakt\u00e1runkb\u00f3l az \u00f3r\u00e1k szak\u00e9rt\u0151 webshopj\u00e1b\u00f3l.\",\"breadcrumb\":{\"@id\":\"https:\/\/oraarena.hu\/index.php\/termek\/guess-legacy-w1049g1-guess-karora-ora-webshop\/#breadcrumb\"},\"inLanguage\":\"hu\",\"potentialAction\":[{\"@type\":\"ReadAction\",\"target\":[\"https:\/\/oraarena.hu\/index.php\/termek\/guess-legacy-w1049g1-guess-karora-ora-webshop\/\"]}]},{\"@type\":\"ImageObject\",\"inLanguage\":\"hu\",\"@id\":\"https:\/\/oraarena.hu\/index.php\/termek\/guess-legacy-w1049g1-guess-karora-ora-webshop\/#primaryimage\",\"url\":\"https:\/\/oraarena.hu\/wp-content\/uploads\/2025\/07\/guess-legacy-w1049g1.jpg\",\"contentUrl\":\"https:\/\/oraarena.hu\/wp-content\/uploads\/2025\/07\/guess-legacy-w1049g1.jpg\",\"width\":1200,\"height\":1200},{\"@type\":\"BreadcrumbList\",\"@id\":\"https:\/\/oraarena.hu\/index.php\/termek\/guess-legacy-w1049g1-guess-karora-ora-webshop\/#breadcrumb\",\"itemListElement\":[{\"@type\":\"ListItem\",\"position\":1,\"name\":\"Kezd\u0151lap\",\"item\":\"https:\/\/oraarena.hu\/\"},{\"@type\":\"ListItem\",\"position\":2,\"name\":\"Shop\",\"item\":\"https:\/\/oraarena.hu\/index.php\/uzlet\/\"},{\"@type\":\"ListItem\",\"position\":3,\"name\":\"Guess Legacy W1049G1\"}]},{\"@type\":\"WebSite\",\"@id\":\"https:\/\/oraarena.hu\/#website\",\"url\":\"https:\/\/oraarena.hu\/\",\"name\":\"\u00d3raAr\u00e9na.hu\",\"description\":\"\u00d3raAar\u00e9na-Kar\u00f3r\u00e1k web\u00e1ruh\u00e1za \u2013 N\u0151i \u00e9s f\u00e9rfi \u00f3r\u00e1k\",\"publisher\":{\"@id\":\"https:\/\/oraarena.hu\/#organization\"},\"alternateName\":\"\u00d3raAr\u00e9na\",\"potentialAction\":[{\"@type\":\"SearchAction\",\"target\":{\"@type\":\"EntryPoint\",\"urlTemplate\":\"https:\/\/oraarena.hu\/?s={search_term_string}\"},\"query-input\":{\"@type\":\"PropertyValueSpecification\",\"valueRequired\":true,\"valueName\":\"search_term_string\"}}],\"inLanguage\":\"hu\"},{\"@type\":\"Organization\",\"@id\":\"https:\/\/oraarena.hu\/#organization\",\"name\":\"\u00d3raAr\u00e9na.hu\",\"url\":\"https:\/\/oraarena.hu\/\",\"logo\":{\"@type\":\"ImageObject\",\"inLanguage\":\"hu\",\"@id\":\"https:\/\/oraarena.hu\/#\/schema\/logo\/image\/\",\"url\":\"https:\/\/oraarena.hu\/wp-content\/uploads\/2025\/07\/logo_color.jpg\",\"contentUrl\":\"https:\/\/oraarena.hu\/wp-content\/uploads\/2025\/07\/logo_color.jpg\",\"width\":744,\"height\":495,\"caption\":\"\u00d3raAr\u00e9na.hu\"},\"image\":{\"@id\":\"https:\/\/oraarena.hu\/#\/schema\/logo\/image\/\"}}]}<\/script>\n<!-- \/ Yoast SEO plugin. -->","yoast_head_json":{"title":"Guess Legacy W1049G1 - \u00d3raAr\u00e9na.hu","description":"Guess kar\u00f3ra sportos \u00e9s eleg\u00e1ns st\u00edlusban. V\u00e1s\u00e1rold meg online kedvez\u0151 \u00e1ron, gyors \u00e9s ingyenes sz\u00e1ll\u00edt\u00e1ssal saj\u00e1t rakt\u00e1runkb\u00f3l az \u00f3r\u00e1k szak\u00e9rt\u0151 webshopj\u00e1b\u00f3l.","robots":{"index":"index","follow":"follow","max-snippet":"max-snippet:-1","max-image-preview":"max-image-preview:large","max-video-preview":"max-video-preview:-1"},"canonical":"https:\/\/oraarena.hu\/index.php\/termek\/guess-legacy-w1049g1-guess-karora-ora-webshop\/","og_locale":"hu_HU","og_type":"article","og_title":"Guess Legacy W1049G1 - \u00d3raAr\u00e9na.hu","og_description":"Guess kar\u00f3ra sportos \u00e9s eleg\u00e1ns st\u00edlusban. V\u00e1s\u00e1rold meg online kedvez\u0151 \u00e1ron, gyors \u00e9s ingyenes sz\u00e1ll\u00edt\u00e1ssal saj\u00e1t rakt\u00e1runkb\u00f3l az \u00f3r\u00e1k szak\u00e9rt\u0151 webshopj\u00e1b\u00f3l.","og_url":"https:\/\/oraarena.hu\/index.php\/termek\/guess-legacy-w1049g1-guess-karora-ora-webshop\/","og_site_name":"\u00d3raAr\u00e9na.hu","article_modified_time":"2025-08-29T15:38:57+00:00","og_image":[{"width":1200,"height":1200,"url":"http:\/\/oraarena.hu\/wp-content\/uploads\/2025\/07\/guess-legacy-w1049g1.jpg","type":"image\/jpeg"}],"twitter_card":"summary_large_image","twitter_misc":{"Becs\u00fclt olvas\u00e1si id\u0151":"1 perc"},"schema":{"@context":"https:\/\/schema.org","@graph":[{"@type":"WebPage","@id":"https:\/\/oraarena.hu\/index.php\/termek\/guess-legacy-w1049g1-guess-karora-ora-webshop\/","url":"https:\/\/oraarena.hu\/index.php\/termek\/guess-legacy-w1049g1-guess-karora-ora-webshop\/","name":"Guess Legacy W1049G1 - \u00d3raAr\u00e9na.hu","isPartOf":{"@id":"https:\/\/oraarena.hu\/#website"},"primaryImageOfPage":{"@id":"https:\/\/oraarena.hu\/index.php\/termek\/guess-legacy-w1049g1-guess-karora-ora-webshop\/#primaryimage"},"image":{"@id":"https:\/\/oraarena.hu\/index.php\/termek\/guess-legacy-w1049g1-guess-karora-ora-webshop\/#primaryimage"},"thumbnailUrl":"https:\/\/oraarena.hu\/wp-content\/uploads\/2025\/07\/guess-legacy-w1049g1.jpg","datePublished":"2025-07-22T10:54:03+00:00","dateModified":"2025-08-29T15:38:57+00:00","description":"Guess kar\u00f3ra sportos \u00e9s eleg\u00e1ns st\u00edlusban. V\u00e1s\u00e1rold meg online kedvez\u0151 \u00e1ron, gyors \u00e9s ingyenes sz\u00e1ll\u00edt\u00e1ssal saj\u00e1t rakt\u00e1runkb\u00f3l az \u00f3r\u00e1k szak\u00e9rt\u0151 webshopj\u00e1b\u00f3l.","breadcrumb":{"@id":"https:\/\/oraarena.hu\/index.php\/termek\/guess-legacy-w1049g1-guess-karora-ora-webshop\/#breadcrumb"},"inLanguage":"hu","potentialAction":[{"@type":"ReadAction","target":["https:\/\/oraarena.hu\/index.php\/termek\/guess-legacy-w1049g1-guess-karora-ora-webshop\/"]}]},{"@type":"ImageObject","inLanguage":"hu","@id":"https:\/\/oraarena.hu\/index.php\/termek\/guess-legacy-w1049g1-guess-karora-ora-webshop\/#primaryimage","url":"https:\/\/oraarena.hu\/wp-content\/uploads\/2025\/07\/guess-legacy-w1049g1.jpg","contentUrl":"https:\/\/oraarena.hu\/wp-content\/uploads\/2025\/07\/guess-legacy-w1049g1.jpg","width":1200,"height":1200},{"@type":"BreadcrumbList","@id":"https:\/\/oraarena.hu\/index.php\/termek\/guess-legacy-w1049g1-guess-karora-ora-webshop\/#breadcrumb","itemListElement":[{"@type":"ListItem","position":1,"name":"Kezd\u0151lap","item":"https:\/\/oraarena.hu\/"},{"@type":"ListItem","position":2,"name":"Shop","item":"https:\/\/oraarena.hu\/index.php\/uzlet\/"},{"@type":"ListItem","position":3,"name":"Guess Legacy W1049G1"}]},{"@type":"WebSite","@id":"https:\/\/oraarena.hu\/#website","url":"https:\/\/oraarena.hu\/","name":"\u00d3raAr\u00e9na.hu","description":"\u00d3raAar\u00e9na-Kar\u00f3r\u00e1k web\u00e1ruh\u00e1za \u2013 N\u0151i \u00e9s f\u00e9rfi \u00f3r\u00e1k","publisher":{"@id":"https:\/\/oraarena.hu\/#organization"},"alternateName":"\u00d3raAr\u00e9na","potentialAction":[{"@type":"SearchAction","target":{"@type":"EntryPoint","urlTemplate":"https:\/\/oraarena.hu\/?s={search_term_string}"},"query-input":{"@type":"PropertyValueSpecification","valueRequired":true,"valueName":"search_term_string"}}],"inLanguage":"hu"},{"@type":"Organization","@id":"https:\/\/oraarena.hu\/#organization","name":"\u00d3raAr\u00e9na.hu","url":"https:\/\/oraarena.hu\/","logo":{"@type":"ImageObject","inLanguage":"hu","@id":"https:\/\/oraarena.hu\/#\/schema\/logo\/image\/","url":"https:\/\/oraarena.hu\/wp-content\/uploads\/2025\/07\/logo_color.jpg","contentUrl":"https:\/\/oraarena.hu\/wp-content\/uploads\/2025\/07\/logo_color.jpg","width":744,"height":495,"caption":"\u00d3raAr\u00e9na.hu"},"image":{"@id":"https:\/\/oraarena.hu\/#\/schema\/logo\/image\/"}}]}},"_links":{"self":[{"href":"https:\/\/oraarena.hu\/index.php\/wp-json\/wp\/v2\/product\/183","targetHints":{"allow":["GET"]}}],"collection":[{"href":"https:\/\/oraarena.hu\/index.php\/wp-json\/wp\/v2\/product"}],"about":[{"href":"https:\/\/oraarena.hu\/index.php\/wp-json\/wp\/v2\/types\/product"}],"wp:featuredmedia":[{"embeddable":true,"href":"https:\/\/oraarena.hu\/index.php\/wp-json\/wp\/v2\/media\/189"}],"wp:attachment":[{"href":"https:\/\/oraarena.hu\/index.php\/wp-json\/wp\/v2\/media?parent=183"}],"wp:term":[{"taxonomy":"product_brand","embeddable":true,"href":"https:\/\/oraarena.hu\/index.php\/wp-json\/wp\/v2\/product_brand?post=183"},{"taxonomy":"product_cat","embeddable":true,"href":"https:\/\/oraarena.hu\/index.php\/wp-json\/wp\/v2\/product_cat?post=183"},{"taxonomy":"product_tag","embeddable":true,"href":"https:\/\/oraarena.hu\/index.php\/wp-json\/wp\/v2\/product_tag?post=183"}],"curies":[{"name":"wp","href":"https:\/\/api.w.org\/{rel}","templated":true}]}}