{"id":477,"date":"2025-09-01T20:52:34","date_gmt":"2025-09-01T18:52:34","guid":{"rendered":"https:\/\/oraarena.hu\/?page_id=477"},"modified":"2025-09-06T20:06:33","modified_gmt":"2025-09-06T18:06:33","slug":"impresszum","status":"publish","type":"page","link":"https:\/\/oraarena.hu\/index.php\/impresszum\/","title":{"rendered":"Impresszum"},"content":{"rendered":"\n<p>C\u00e9gn\u00e9v: Domsa J\u00f3zsef EV<\/p>\n\n\n\n<ul class=\"wp-block-list\">\n<li><strong>A szolg\u00e1ltat\u00f3<\/strong><\/li>\n\n\n\n<li>C\u00e9gn\u00e9v: Domsa J\u00f3zsef EV\u00a0\u00a0\u00a0\u00a0\u00a0\u00a0<\/li>\n\n\n\n<li>Sz\u00e9khely, levelez\u00e9si c\u00edm: 7130 Tolna Aldunasor 4.\u00a0\u00a0\u00a0\u00a0\u00a0\u00a0<\/li>\n\n\n\n<li>Telefon: (+36) 306098412<\/li>\n\n\n\n<li>Weboldal: www.oraarena.hu<\/li>\n\n\n\n<li>Szem\u00e9lyes \u00e1tv\u00e9telre nincs lehet\u0151s\u00e9g<\/li>\n\n\n\n<li>E-mail: oraarena.shop@gmail.com\u00a0\u00a0\u00a0\u00a0\u00a0\u00a0<\/li>\n\n\n\n<li>Ad\u00f3sz\u00e1m: 56638141-1-37\u00a0\u00a0\u00a0\u00a0\u00a0\u00a0<\/li>\n\n\n\n<li>Nyilv\u00e1ntart\u00e1si sz\u00e1m: 60366313<\/li>\n\n\n\n<li>Banksz\u00e1mlasz\u00e1m: 11773463-00239581\u00a0\u00a0\u00a0\u00a0\u00a0\u00a0<\/li>\n\n\n\n<li>Sz\u00e1mlavezet\u0151 Bank: OTP Bank\u00a0\u00a0\u00a0\u00a0\u00a0\u00a0<\/li>\n\n\n\n<li>T\u00e1rhely szolg\u00e1ltat\u00f3: Rackhost Zrt.<\/li>\n<\/ul>\n\n\n\n<hr class=\"wp-block-separator has-alpha-channel-opacity\"\/>\n\n\n\n<p><strong>Webt\u00e1rhely-szolg\u00e1ltat\u00f3 adatai<\/strong><br>C\u00e9gn\u00e9v: Rackhost Zrt. (Rackhost Informatikai Z\u00e1rtk\u00f6r\u0171en M\u0171k\u00f6d\u0151 R\u00e9szv\u00e9nyt\u00e1rsas\u00e1g)<br>Sz\u00e9khely: 6722 Szeged, Tisza Lajos k\u00f6r\u00fat 41. <br>C\u00e9gjegyz\u00e9ksz\u00e1m: 06\u201110\u2011000489<br>Ad\u00f3sz\u00e1m: 25333572\u20112\u201106 <br>E-mail el\u00e9rhet\u0151s\u00e9g: <a href=\"mailto:info@rackhost.hu\">info@rackhost.hu<\/a> <br>Weboldal: <a href=\"http:\/\/www.rackhost.hu\/\">www.rackhost.hu<\/a> <\/p>\n\n\n\n<hr class=\"wp-block-separator has-alpha-channel-opacity\"\/>\n\n\n\n<p><\/p>\n","protected":false},"excerpt":{"rendered":"<p>C\u00e9gn\u00e9v: Domsa J\u00f3zsef EV Webt\u00e1rhely-szolg\u00e1ltat\u00f3 adataiC\u00e9gn\u00e9v: Rackhost Zrt. (Rackhost Informatikai Z\u00e1rtk\u00f6r\u0171en M\u0171k\u00f6d\u0151 R\u00e9szv\u00e9nyt\u00e1rsas\u00e1g)Sz\u00e9khely: 6722 Szeged, Tisza Lajos k\u00f6r\u00fat 41. C\u00e9gjegyz\u00e9ksz\u00e1m: 06\u201110\u2011000489Ad\u00f3sz\u00e1m: 25333572\u20112\u201106 E-mail el\u00e9rhet\u0151s\u00e9g: info@rackhost.hu Weboldal: www.rackhost.hu<\/p>\n","protected":false},"author":1,"featured_media":0,"parent":0,"menu_order":0,"comment_status":"closed","ping_status":"closed","template":"","meta":{"footnotes":""},"class_list":["post-477","page","type-page","status-publish","hentry"],"yoast_head":"<!-- This site is optimized with the Yoast SEO plugin v26.0 - https:\/\/yoast.com\/wordpress\/plugins\/seo\/ -->\n<title>Impresszum - \u00d3raAr\u00e9na.hu<\/title>\n<meta name=\"robots\" content=\"index, follow, max-snippet:-1, max-image-preview:large, max-video-preview:-1\" \/>\n<link rel=\"canonical\" href=\"https:\/\/oraarena.hu\/index.php\/impresszum\/\" \/>\n<meta property=\"og:locale\" content=\"hu_HU\" \/>\n<meta property=\"og:type\" content=\"article\" \/>\n<meta property=\"og:title\" content=\"Impresszum - \u00d3raAr\u00e9na.hu\" \/>\n<meta property=\"og:description\" content=\"C\u00e9gn\u00e9v: Domsa J\u00f3zsef EV Webt\u00e1rhely-szolg\u00e1ltat\u00f3 adataiC\u00e9gn\u00e9v: Rackhost Zrt. (Rackhost Informatikai Z\u00e1rtk\u00f6r\u0171en M\u0171k\u00f6d\u0151 R\u00e9szv\u00e9nyt\u00e1rsas\u00e1g)Sz\u00e9khely: 6722 Szeged, Tisza Lajos k\u00f6r\u00fat 41. C\u00e9gjegyz\u00e9ksz\u00e1m: 06\u201110\u2011000489Ad\u00f3sz\u00e1m: 25333572\u20112\u201106 E-mail el\u00e9rhet\u0151s\u00e9g: info@rackhost.hu Weboldal: www.rackhost.hu\" \/>\n<meta property=\"og:url\" content=\"https:\/\/oraarena.hu\/index.php\/impresszum\/\" \/>\n<meta property=\"og:site_name\" content=\"\u00d3raAr\u00e9na.hu\" \/>\n<meta property=\"article:modified_time\" content=\"2025-09-06T18:06:33+00:00\" \/>\n<meta property=\"og:image\" content=\"https:\/\/oraarena.hu\/wp-content\/uploads\/2025\/08\/oraarena.huBIG_.jpg\" \/>\n\t<meta property=\"og:image:width\" content=\"2356\" \/>\n\t<meta property=\"og:image:height\" content=\"1570\" \/>\n\t<meta property=\"og:image:type\" content=\"image\/jpeg\" \/>\n<meta name=\"twitter:card\" content=\"summary_large_image\" \/>\n<meta name=\"twitter:label1\" content=\"Becs\u00fclt olvas\u00e1si id\u0151\" \/>\n\t<meta name=\"twitter:data1\" content=\"1 perc\" \/>\n<script type=\"application\/ld+json\" class=\"yoast-schema-graph\">{\"@context\":\"https:\/\/schema.org\",\"@graph\":[{\"@type\":\"WebPage\",\"@id\":\"https:\/\/oraarena.hu\/index.php\/impresszum\/\",\"url\":\"https:\/\/oraarena.hu\/index.php\/impresszum\/\",\"name\":\"Impresszum - \u00d3raAr\u00e9na.hu\",\"isPartOf\":{\"@id\":\"https:\/\/oraarena.hu\/#website\"},\"datePublished\":\"2025-09-01T18:52:34+00:00\",\"dateModified\":\"2025-09-06T18:06:33+00:00\",\"breadcrumb\":{\"@id\":\"https:\/\/oraarena.hu\/index.php\/impresszum\/#breadcrumb\"},\"inLanguage\":\"hu\",\"potentialAction\":[{\"@type\":\"ReadAction\",\"target\":[\"https:\/\/oraarena.hu\/index.php\/impresszum\/\"]}]},{\"@type\":\"BreadcrumbList\",\"@id\":\"https:\/\/oraarena.hu\/index.php\/impresszum\/#breadcrumb\",\"itemListElement\":[{\"@type\":\"ListItem\",\"position\":1,\"name\":\"Kezd\u0151lap\",\"item\":\"https:\/\/oraarena.hu\/\"},{\"@type\":\"ListItem\",\"position\":2,\"name\":\"Impresszum\"}]},{\"@type\":\"WebSite\",\"@id\":\"https:\/\/oraarena.hu\/#website\",\"url\":\"https:\/\/oraarena.hu\/\",\"name\":\"\u00d3raAr\u00e9na.hu\",\"description\":\"\u00d3raAar\u00e9na-Kar\u00f3r\u00e1k web\u00e1ruh\u00e1za \u2013 N\u0151i \u00e9s f\u00e9rfi \u00f3r\u00e1k\",\"publisher\":{\"@id\":\"https:\/\/oraarena.hu\/#organization\"},\"alternateName\":\"\u00d3raAr\u00e9na\",\"potentialAction\":[{\"@type\":\"SearchAction\",\"target\":{\"@type\":\"EntryPoint\",\"urlTemplate\":\"https:\/\/oraarena.hu\/?s={search_term_string}\"},\"query-input\":{\"@type\":\"PropertyValueSpecification\",\"valueRequired\":true,\"valueName\":\"search_term_string\"}}],\"inLanguage\":\"hu\"},{\"@type\":\"Organization\",\"@id\":\"https:\/\/oraarena.hu\/#organization\",\"name\":\"\u00d3raAr\u00e9na.hu\",\"url\":\"https:\/\/oraarena.hu\/\",\"logo\":{\"@type\":\"ImageObject\",\"inLanguage\":\"hu\",\"@id\":\"https:\/\/oraarena.hu\/#\/schema\/logo\/image\/\",\"url\":\"https:\/\/oraarena.hu\/wp-content\/uploads\/2025\/07\/logo_color.jpg\",\"contentUrl\":\"https:\/\/oraarena.hu\/wp-content\/uploads\/2025\/07\/logo_color.jpg\",\"width\":744,\"height\":495,\"caption\":\"\u00d3raAr\u00e9na.hu\"},\"image\":{\"@id\":\"https:\/\/oraarena.hu\/#\/schema\/logo\/image\/\"}}]}<\/script>\n<!-- \/ Yoast SEO plugin. -->","yoast_head_json":{"title":"Impresszum - \u00d3raAr\u00e9na.hu","robots":{"index":"index","follow":"follow","max-snippet":"max-snippet:-1","max-image-preview":"max-image-preview:large","max-video-preview":"max-video-preview:-1"},"canonical":"https:\/\/oraarena.hu\/index.php\/impresszum\/","og_locale":"hu_HU","og_type":"article","og_title":"Impresszum - \u00d3raAr\u00e9na.hu","og_description":"C\u00e9gn\u00e9v: Domsa J\u00f3zsef EV Webt\u00e1rhely-szolg\u00e1ltat\u00f3 adataiC\u00e9gn\u00e9v: Rackhost Zrt. (Rackhost Informatikai Z\u00e1rtk\u00f6r\u0171en M\u0171k\u00f6d\u0151 R\u00e9szv\u00e9nyt\u00e1rsas\u00e1g)Sz\u00e9khely: 6722 Szeged, Tisza Lajos k\u00f6r\u00fat 41. C\u00e9gjegyz\u00e9ksz\u00e1m: 06\u201110\u2011000489Ad\u00f3sz\u00e1m: 25333572\u20112\u201106 E-mail el\u00e9rhet\u0151s\u00e9g: info@rackhost.hu Weboldal: www.rackhost.hu","og_url":"https:\/\/oraarena.hu\/index.php\/impresszum\/","og_site_name":"\u00d3raAr\u00e9na.hu","article_modified_time":"2025-09-06T18:06:33+00:00","og_image":[{"width":2356,"height":1570,"url":"https:\/\/oraarena.hu\/wp-content\/uploads\/2025\/08\/oraarena.huBIG_.jpg","type":"image\/jpeg"}],"twitter_card":"summary_large_image","twitter_misc":{"Becs\u00fclt olvas\u00e1si id\u0151":"1 perc"},"schema":{"@context":"https:\/\/schema.org","@graph":[{"@type":"WebPage","@id":"https:\/\/oraarena.hu\/index.php\/impresszum\/","url":"https:\/\/oraarena.hu\/index.php\/impresszum\/","name":"Impresszum - \u00d3raAr\u00e9na.hu","isPartOf":{"@id":"https:\/\/oraarena.hu\/#website"},"datePublished":"2025-09-01T18:52:34+00:00","dateModified":"2025-09-06T18:06:33+00:00","breadcrumb":{"@id":"https:\/\/oraarena.hu\/index.php\/impresszum\/#breadcrumb"},"inLanguage":"hu","potentialAction":[{"@type":"ReadAction","target":["https:\/\/oraarena.hu\/index.php\/impresszum\/"]}]},{"@type":"BreadcrumbList","@id":"https:\/\/oraarena.hu\/index.php\/impresszum\/#breadcrumb","itemListElement":[{"@type":"ListItem","position":1,"name":"Kezd\u0151lap","item":"https:\/\/oraarena.hu\/"},{"@type":"ListItem","position":2,"name":"Impresszum"}]},{"@type":"WebSite","@id":"https:\/\/oraarena.hu\/#website","url":"https:\/\/oraarena.hu\/","name":"\u00d3raAr\u00e9na.hu","description":"\u00d3raAar\u00e9na-Kar\u00f3r\u00e1k web\u00e1ruh\u00e1za \u2013 N\u0151i \u00e9s f\u00e9rfi \u00f3r\u00e1k","publisher":{"@id":"https:\/\/oraarena.hu\/#organization"},"alternateName":"\u00d3raAr\u00e9na","potentialAction":[{"@type":"SearchAction","target":{"@type":"EntryPoint","urlTemplate":"https:\/\/oraarena.hu\/?s={search_term_string}"},"query-input":{"@type":"PropertyValueSpecification","valueRequired":true,"valueName":"search_term_string"}}],"inLanguage":"hu"},{"@type":"Organization","@id":"https:\/\/oraarena.hu\/#organization","name":"\u00d3raAr\u00e9na.hu","url":"https:\/\/oraarena.hu\/","logo":{"@type":"ImageObject","inLanguage":"hu","@id":"https:\/\/oraarena.hu\/#\/schema\/logo\/image\/","url":"https:\/\/oraarena.hu\/wp-content\/uploads\/2025\/07\/logo_color.jpg","contentUrl":"https:\/\/oraarena.hu\/wp-content\/uploads\/2025\/07\/logo_color.jpg","width":744,"height":495,"caption":"\u00d3raAr\u00e9na.hu"},"image":{"@id":"https:\/\/oraarena.hu\/#\/schema\/logo\/image\/"}}]}},"_links":{"self":[{"href":"https:\/\/oraarena.hu\/index.php\/wp-json\/wp\/v2\/pages\/477","targetHints":{"allow":["GET"]}}],"collection":[{"href":"https:\/\/oraarena.hu\/index.php\/wp-json\/wp\/v2\/pages"}],"about":[{"href":"https:\/\/oraarena.hu\/index.php\/wp-json\/wp\/v2\/types\/page"}],"author":[{"embeddable":true,"href":"https:\/\/oraarena.hu\/index.php\/wp-json\/wp\/v2\/users\/1"}],"replies":[{"embeddable":true,"href":"https:\/\/oraarena.hu\/index.php\/wp-json\/wp\/v2\/comments?post=477"}],"version-history":[{"count":3,"href":"https:\/\/oraarena.hu\/index.php\/wp-json\/wp\/v2\/pages\/477\/revisions"}],"predecessor-version":[{"id":493,"href":"https:\/\/oraarena.hu\/index.php\/wp-json\/wp\/v2\/pages\/477\/revisions\/493"}],"wp:attachment":[{"href":"https:\/\/oraarena.hu\/index.php\/wp-json\/wp\/v2\/media?parent=477"}],"curies":[{"name":"wp","href":"https:\/\/api.w.org\/{rel}","templated":true}]}}